{"id":25718,"date":"2025-03-31T15:33:48","date_gmt":"2025-03-31T14:33:48","guid":{"rendered":"https:\/\/marneantic.com\/?post_type=product&#038;p=25718"},"modified":"2025-03-31T15:33:48","modified_gmt":"2025-03-31T14:33:48","slug":"brosse-ancienne-en-laiton-travaille","status":"publish","type":"product","link":"https:\/\/marneantic.com\/index.php\/produit\/brosse-ancienne-en-laiton-travaille\/","title":{"rendered":"brosse ancienne en laiton travaill\u00e9"},"content":{"rendered":"","protected":false},"excerpt":{"rendered":"<p>brosse ancienne en laiton travaill\u00e9, en bon \u00e9tat, longueur:13.5cm, largeur:4.7cm, hauteur:4.7cm<\/p>\n<p>&nbsp;<\/p>\n","protected":false},"featured_media":25719,"comment_status":"open","ping_status":"closed","template":"","meta":{"_et_pb_use_builder":"","_et_pb_old_content":"","_et_gb_content_width":""},"product_cat":[14,8],"product_tag":[],"_links":{"self":[{"href":"https:\/\/marneantic.com\/index.php\/wp-json\/wp\/v2\/product\/25718"}],"collection":[{"href":"https:\/\/marneantic.com\/index.php\/wp-json\/wp\/v2\/product"}],"about":[{"href":"https:\/\/marneantic.com\/index.php\/wp-json\/wp\/v2\/types\/product"}],"replies":[{"embeddable":true,"href":"https:\/\/marneantic.com\/index.php\/wp-json\/wp\/v2\/comments?post=25718"}],"wp:featuredmedia":[{"embeddable":true,"href":"https:\/\/marneantic.com\/index.php\/wp-json\/wp\/v2\/media\/25719"}],"wp:attachment":[{"href":"https:\/\/marneantic.com\/index.php\/wp-json\/wp\/v2\/media?parent=25718"}],"wp:term":[{"taxonomy":"product_cat","embeddable":true,"href":"https:\/\/marneantic.com\/index.php\/wp-json\/wp\/v2\/product_cat?post=25718"},{"taxonomy":"product_tag","embeddable":true,"href":"https:\/\/marneantic.com\/index.php\/wp-json\/wp\/v2\/product_tag?post=25718"}],"curies":[{"name":"wp","href":"https:\/\/api.w.org\/{rel}","templated":true}]}}