{"id":25723,"date":"2025-04-01T12:27:15","date_gmt":"2025-04-01T11:27:15","guid":{"rendered":"https:\/\/marneantic.com\/?post_type=product&#038;p=25723"},"modified":"2025-12-11T17:07:20","modified_gmt":"2025-12-11T16:07:20","slug":"grande-boite-ancienne-en-bois","status":"publish","type":"product","link":"https:\/\/marneantic.com\/index.php\/produit\/grande-boite-ancienne-en-bois\/","title":{"rendered":"Grande boite ancienne en bois"},"content":{"rendered":"","protected":false},"excerpt":{"rendered":"<p>grande boite ancienne en bois, int\u00e9rieur a 2 niveau dont un casier a compartiments amovible, en bon \u00e9tat, le bois est fendill\u00e9 a plusieurs endroits, la fermeture ne fonctionne pas<br \/>\nlargeur:38cm<br \/>\nprofondeur:27.7cm<br \/>\nhauteur:12.5cm<\/p>\n","protected":false},"featured_media":25724,"comment_status":"open","ping_status":"closed","template":"","meta":{"_et_pb_use_builder":"","_et_pb_old_content":"","_et_gb_content_width":""},"product_cat":[14,8,30],"product_tag":[],"_links":{"self":[{"href":"https:\/\/marneantic.com\/index.php\/wp-json\/wp\/v2\/product\/25723"}],"collection":[{"href":"https:\/\/marneantic.com\/index.php\/wp-json\/wp\/v2\/product"}],"about":[{"href":"https:\/\/marneantic.com\/index.php\/wp-json\/wp\/v2\/types\/product"}],"replies":[{"embeddable":true,"href":"https:\/\/marneantic.com\/index.php\/wp-json\/wp\/v2\/comments?post=25723"}],"wp:featuredmedia":[{"embeddable":true,"href":"https:\/\/marneantic.com\/index.php\/wp-json\/wp\/v2\/media\/25724"}],"wp:attachment":[{"href":"https:\/\/marneantic.com\/index.php\/wp-json\/wp\/v2\/media?parent=25723"}],"wp:term":[{"taxonomy":"product_cat","embeddable":true,"href":"https:\/\/marneantic.com\/index.php\/wp-json\/wp\/v2\/product_cat?post=25723"},{"taxonomy":"product_tag","embeddable":true,"href":"https:\/\/marneantic.com\/index.php\/wp-json\/wp\/v2\/product_tag?post=25723"}],"curies":[{"name":"wp","href":"https:\/\/api.w.org\/{rel}","templated":true}]}}