{"id":25730,"date":"2025-04-01T12:41:13","date_gmt":"2025-04-01T11:41:13","guid":{"rendered":"https:\/\/marneantic.com\/?post_type=product&#038;p=25730"},"modified":"2025-12-11T17:09:38","modified_gmt":"2025-12-11T16:09:38","slug":"lampe-ancienne-laiton-et-tulipe-pate-de-verre","status":"publish","type":"product","link":"https:\/\/marneantic.com\/index.php\/produit\/lampe-ancienne-laiton-et-tulipe-pate-de-verre\/","title":{"rendered":"Lampe ancienne laiton et tulipe pate de verre"},"content":{"rendered":"","protected":false},"excerpt":{"rendered":"<div><strong>Belle lampe ancienne en m\u00e9tal dor\u00e9 avec poids en fonte au socle + tulipe pate de verre, en tr\u00e8s bon \u00e9tat<\/strong><\/div>\n<div><strong>Hauteur position photo : 54 cm<\/strong><\/div>\n<div><strong>tulipe: longueur: 13.5cm, diam\u00e8tre: 10cm<\/strong><\/div>\n<div><strong>r\u00e9glable en hauteur et inclinaison<\/strong><\/div>\n<div><strong>Electricit\u00e9 refaite, interrupteur sur le c\u00e2ble<\/strong><\/div>\n<div><strong>fonctionne parfaitement, fournie sans ampoule(ba\u00efonnette)<\/strong><\/div>\n<div><\/div>\n","protected":false},"featured_media":25731,"comment_status":"closed","ping_status":"closed","template":"","meta":{"_et_pb_use_builder":"","_et_pb_old_content":"","_et_gb_content_width":""},"product_cat":[24,30],"product_tag":[],"_links":{"self":[{"href":"https:\/\/marneantic.com\/index.php\/wp-json\/wp\/v2\/product\/25730"}],"collection":[{"href":"https:\/\/marneantic.com\/index.php\/wp-json\/wp\/v2\/product"}],"about":[{"href":"https:\/\/marneantic.com\/index.php\/wp-json\/wp\/v2\/types\/product"}],"replies":[{"embeddable":true,"href":"https:\/\/marneantic.com\/index.php\/wp-json\/wp\/v2\/comments?post=25730"}],"wp:featuredmedia":[{"embeddable":true,"href":"https:\/\/marneantic.com\/index.php\/wp-json\/wp\/v2\/media\/25731"}],"wp:attachment":[{"href":"https:\/\/marneantic.com\/index.php\/wp-json\/wp\/v2\/media?parent=25730"}],"wp:term":[{"taxonomy":"product_cat","embeddable":true,"href":"https:\/\/marneantic.com\/index.php\/wp-json\/wp\/v2\/product_cat?post=25730"},{"taxonomy":"product_tag","embeddable":true,"href":"https:\/\/marneantic.com\/index.php\/wp-json\/wp\/v2\/product_tag?post=25730"}],"curies":[{"name":"wp","href":"https:\/\/api.w.org\/{rel}","templated":true}]}}