{"id":25739,"date":"2025-04-01T13:02:49","date_gmt":"2025-04-01T12:02:49","guid":{"rendered":"https:\/\/marneantic.com\/?post_type=product&#038;p=25739"},"modified":"2025-06-26T07:49:34","modified_gmt":"2025-06-26T06:49:34","slug":"applique-ancienne-2-feux-laiton-et-verre","status":"publish","type":"product","link":"https:\/\/marneantic.com\/index.php\/produit\/applique-ancienne-2-feux-laiton-et-verre\/","title":{"rendered":"Applique ancienne 2 feux laiton et verre"},"content":{"rendered":"","protected":false},"excerpt":{"rendered":"<p>Applique ancienne en laiton et verre bomb\u00e9, le fond r\u00e9fl\u00e9chissant est en m\u00e9tal poli, en bon \u00e9tat, \u00e9lectricit\u00e9 test\u00e9e, fonctionne parfaitement, hauteur totale:24.5cm,largeur.18.2cm,profondeur au mur:9.5cm, fournie avec ampoules<\/p>\n<p>&nbsp;<\/p>\n","protected":false},"featured_media":25740,"comment_status":"closed","ping_status":"closed","template":"","meta":{"_et_pb_use_builder":"","_et_pb_old_content":"","_et_gb_content_width":""},"product_cat":[24,16,30],"product_tag":[],"_links":{"self":[{"href":"https:\/\/marneantic.com\/index.php\/wp-json\/wp\/v2\/product\/25739"}],"collection":[{"href":"https:\/\/marneantic.com\/index.php\/wp-json\/wp\/v2\/product"}],"about":[{"href":"https:\/\/marneantic.com\/index.php\/wp-json\/wp\/v2\/types\/product"}],"replies":[{"embeddable":true,"href":"https:\/\/marneantic.com\/index.php\/wp-json\/wp\/v2\/comments?post=25739"}],"wp:featuredmedia":[{"embeddable":true,"href":"https:\/\/marneantic.com\/index.php\/wp-json\/wp\/v2\/media\/25740"}],"wp:attachment":[{"href":"https:\/\/marneantic.com\/index.php\/wp-json\/wp\/v2\/media?parent=25739"}],"wp:term":[{"taxonomy":"product_cat","embeddable":true,"href":"https:\/\/marneantic.com\/index.php\/wp-json\/wp\/v2\/product_cat?post=25739"},{"taxonomy":"product_tag","embeddable":true,"href":"https:\/\/marneantic.com\/index.php\/wp-json\/wp\/v2\/product_tag?post=25739"}],"curies":[{"name":"wp","href":"https:\/\/api.w.org\/{rel}","templated":true}]}}