{"id":25761,"date":"2025-04-04T15:57:13","date_gmt":"2025-04-04T14:57:13","guid":{"rendered":"https:\/\/marneantic.com\/?post_type=product&#038;p=25761"},"modified":"2025-04-04T16:02:23","modified_gmt":"2025-04-04T15:02:23","slug":"6-couteaux-de-table-art-deco-anciens","status":"publish","type":"product","link":"https:\/\/marneantic.com\/index.php\/produit\/6-couteaux-de-table-art-deco-anciens\/","title":{"rendered":"6 couteaux de table art d\u00e9co anciens"},"content":{"rendered":"","protected":false},"excerpt":{"rendered":"<p><span style=\"font-size: large;\">6 couteaux de table art d\u00e9co anciens en tr\u00e8s bon \u00e9tat, lames en acier, manches en bak\u00e9lite imitation corne et virole en m\u00e9tal argent\u00e9<\/span><\/p>\n<div><span style=\"font-size: large;\">longueur:24.5cm<\/span><\/div>\n","protected":false},"featured_media":25762,"comment_status":"closed","ping_status":"closed","template":"","meta":{"_et_pb_use_builder":"","_et_pb_old_content":"","_et_gb_content_width":""},"product_cat":[10,44,29],"product_tag":[],"_links":{"self":[{"href":"https:\/\/marneantic.com\/index.php\/wp-json\/wp\/v2\/product\/25761"}],"collection":[{"href":"https:\/\/marneantic.com\/index.php\/wp-json\/wp\/v2\/product"}],"about":[{"href":"https:\/\/marneantic.com\/index.php\/wp-json\/wp\/v2\/types\/product"}],"replies":[{"embeddable":true,"href":"https:\/\/marneantic.com\/index.php\/wp-json\/wp\/v2\/comments?post=25761"}],"wp:featuredmedia":[{"embeddable":true,"href":"https:\/\/marneantic.com\/index.php\/wp-json\/wp\/v2\/media\/25762"}],"wp:attachment":[{"href":"https:\/\/marneantic.com\/index.php\/wp-json\/wp\/v2\/media?parent=25761"}],"wp:term":[{"taxonomy":"product_cat","embeddable":true,"href":"https:\/\/marneantic.com\/index.php\/wp-json\/wp\/v2\/product_cat?post=25761"},{"taxonomy":"product_tag","embeddable":true,"href":"https:\/\/marneantic.com\/index.php\/wp-json\/wp\/v2\/product_tag?post=25761"}],"curies":[{"name":"wp","href":"https:\/\/api.w.org\/{rel}","templated":true}]}}