{"id":25774,"date":"2025-04-08T16:12:44","date_gmt":"2025-04-08T15:12:44","guid":{"rendered":"https:\/\/marneantic.com\/?post_type=product&#038;p=25774"},"modified":"2025-04-11T19:48:14","modified_gmt":"2025-04-11T18:48:14","slug":"tasse-a-cafe-ancienne-en-porcelaine-de-limoges-8","status":"publish","type":"product","link":"https:\/\/marneantic.com\/index.php\/produit\/tasse-a-cafe-ancienne-en-porcelaine-de-limoges-8\/","title":{"rendered":"Tasse a caf\u00e9 ancienne en porcelaine de Limoges"},"content":{"rendered":"","protected":false},"excerpt":{"rendered":"<p>Tasse a caf\u00e9 ancienne en porcelaine de Limoges manufacture JBT&amp;cie, en tr\u00e8s bon \u00e9tat, tasse hauteur:6.5cm,diametre:6.4cm,diam\u00e8tre soucoupe:13.2cm<\/p>\n","protected":false},"featured_media":25775,"comment_status":"closed","ping_status":"closed","template":"","meta":{"_et_pb_use_builder":"","_et_pb_old_content":"","_et_gb_content_width":""},"product_cat":[26,7],"product_tag":[],"_links":{"self":[{"href":"https:\/\/marneantic.com\/index.php\/wp-json\/wp\/v2\/product\/25774"}],"collection":[{"href":"https:\/\/marneantic.com\/index.php\/wp-json\/wp\/v2\/product"}],"about":[{"href":"https:\/\/marneantic.com\/index.php\/wp-json\/wp\/v2\/types\/product"}],"replies":[{"embeddable":true,"href":"https:\/\/marneantic.com\/index.php\/wp-json\/wp\/v2\/comments?post=25774"}],"wp:featuredmedia":[{"embeddable":true,"href":"https:\/\/marneantic.com\/index.php\/wp-json\/wp\/v2\/media\/25775"}],"wp:attachment":[{"href":"https:\/\/marneantic.com\/index.php\/wp-json\/wp\/v2\/media?parent=25774"}],"wp:term":[{"taxonomy":"product_cat","embeddable":true,"href":"https:\/\/marneantic.com\/index.php\/wp-json\/wp\/v2\/product_cat?post=25774"},{"taxonomy":"product_tag","embeddable":true,"href":"https:\/\/marneantic.com\/index.php\/wp-json\/wp\/v2\/product_tag?post=25774"}],"curies":[{"name":"wp","href":"https:\/\/api.w.org\/{rel}","templated":true}]}}