{"id":25788,"date":"2025-04-09T15:25:08","date_gmt":"2025-04-09T14:25:08","guid":{"rendered":"https:\/\/marneantic.com\/?post_type=product&#038;p=25788"},"modified":"2025-10-14T17:07:42","modified_gmt":"2025-10-14T16:07:42","slug":"tasse-a-cafe-en-porcelaine-de-limoges-bernardaud-modele-pekin","status":"publish","type":"product","link":"https:\/\/marneantic.com\/index.php\/produit\/tasse-a-cafe-en-porcelaine-de-limoges-bernardaud-modele-pekin\/","title":{"rendered":"Tasse a caf\u00e9 en porcelaine de Limoges &#8211; Bernardaud mod\u00e8le PEKIN"},"content":{"rendered":"","protected":false},"excerpt":{"rendered":"<p><span style=\"font-size: large;\">tasse a caf\u00e9 contemporaine en porcelaine de Limoges, manufacture Bernardaud, mod\u00e8le PEKIN, en tr\u00e8s bon \u00e9tat<\/span><\/p>\n<div><span style=\"font-size: large;\">tasse hauteur:5.7cm<\/span><\/div>\n<div><span style=\"font-size: large;\">diametre:5.7cm<\/span><\/div>\n<div><span style=\"font-size: large;\">diam\u00e8tre soucoupe:12.2cm<\/span><\/div>\n","protected":false},"featured_media":25789,"comment_status":"closed","ping_status":"closed","template":"","meta":{"_et_pb_use_builder":"","_et_pb_old_content":"","_et_gb_content_width":""},"product_cat":[26,7,30],"product_tag":[],"_links":{"self":[{"href":"https:\/\/marneantic.com\/index.php\/wp-json\/wp\/v2\/product\/25788"}],"collection":[{"href":"https:\/\/marneantic.com\/index.php\/wp-json\/wp\/v2\/product"}],"about":[{"href":"https:\/\/marneantic.com\/index.php\/wp-json\/wp\/v2\/types\/product"}],"replies":[{"embeddable":true,"href":"https:\/\/marneantic.com\/index.php\/wp-json\/wp\/v2\/comments?post=25788"}],"wp:featuredmedia":[{"embeddable":true,"href":"https:\/\/marneantic.com\/index.php\/wp-json\/wp\/v2\/media\/25789"}],"wp:attachment":[{"href":"https:\/\/marneantic.com\/index.php\/wp-json\/wp\/v2\/media?parent=25788"}],"wp:term":[{"taxonomy":"product_cat","embeddable":true,"href":"https:\/\/marneantic.com\/index.php\/wp-json\/wp\/v2\/product_cat?post=25788"},{"taxonomy":"product_tag","embeddable":true,"href":"https:\/\/marneantic.com\/index.php\/wp-json\/wp\/v2\/product_tag?post=25788"}],"curies":[{"name":"wp","href":"https:\/\/api.w.org\/{rel}","templated":true}]}}