{"id":25793,"date":"2025-04-09T15:40:15","date_gmt":"2025-04-09T14:40:15","guid":{"rendered":"https:\/\/marneantic.com\/?post_type=product&#038;p=25793"},"modified":"2025-08-26T18:51:56","modified_gmt":"2025-08-26T17:51:56","slug":"plat-a-tarte-villeroyboch-modele-design-1900","status":"publish","type":"product","link":"https:\/\/marneantic.com\/index.php\/produit\/plat-a-tarte-villeroyboch-modele-design-1900\/","title":{"rendered":"Plat a tarte Villeroy&#038;Boch &#8211; mod\u00e8le design 1900"},"content":{"rendered":"","protected":false},"excerpt":{"rendered":"<p>Plat a tarte Villeroy&amp;Boch &#8211; mod\u00e8le design 1900 ,en tres bon \u00e9tat, tr\u00e8s peu servi, largeur hors poign\u00e9es: 29.7cm<\/p>\n","protected":false},"featured_media":25794,"comment_status":"closed","ping_status":"closed","template":"","meta":{"_et_pb_use_builder":"","_et_pb_old_content":"","_et_gb_content_width":""},"product_cat":[28,7,30],"product_tag":[],"_links":{"self":[{"href":"https:\/\/marneantic.com\/index.php\/wp-json\/wp\/v2\/product\/25793"}],"collection":[{"href":"https:\/\/marneantic.com\/index.php\/wp-json\/wp\/v2\/product"}],"about":[{"href":"https:\/\/marneantic.com\/index.php\/wp-json\/wp\/v2\/types\/product"}],"replies":[{"embeddable":true,"href":"https:\/\/marneantic.com\/index.php\/wp-json\/wp\/v2\/comments?post=25793"}],"wp:featuredmedia":[{"embeddable":true,"href":"https:\/\/marneantic.com\/index.php\/wp-json\/wp\/v2\/media\/25794"}],"wp:attachment":[{"href":"https:\/\/marneantic.com\/index.php\/wp-json\/wp\/v2\/media?parent=25793"}],"wp:term":[{"taxonomy":"product_cat","embeddable":true,"href":"https:\/\/marneantic.com\/index.php\/wp-json\/wp\/v2\/product_cat?post=25793"},{"taxonomy":"product_tag","embeddable":true,"href":"https:\/\/marneantic.com\/index.php\/wp-json\/wp\/v2\/product_tag?post=25793"}],"curies":[{"name":"wp","href":"https:\/\/api.w.org\/{rel}","templated":true}]}}