{"id":25808,"date":"2025-04-10T15:37:21","date_gmt":"2025-04-10T14:37:21","guid":{"rendered":"https:\/\/marneantic.com\/?post_type=product&#038;p=25808"},"modified":"2025-06-14T09:01:05","modified_gmt":"2025-06-14T08:01:05","slug":"grand-plateau-miroir-art-deco-ancien","status":"publish","type":"product","link":"https:\/\/marneantic.com\/index.php\/produit\/grand-plateau-miroir-art-deco-ancien\/","title":{"rendered":"Grand plateau miroir art d\u00e9co ancien"},"content":{"rendered":"","protected":false},"excerpt":{"rendered":"<p>Grand plateau miroir art d\u00e9co ancien, rebords et poign\u00e9es en m\u00e9tal chrom\u00e9, dessous recouvert d&rsquo;une feutrine, en tr\u00e8s bon \u00e9tat, longueur:47.5cm hors poign\u00e9es, largeur:37.5cm<\/p>\n<p>&nbsp;<\/p>\n<p>&nbsp;<\/p>\n","protected":false},"featured_media":25809,"comment_status":"closed","ping_status":"closed","template":"","meta":{"_et_pb_use_builder":"","_et_pb_old_content":"","_et_gb_content_width":""},"product_cat":[13,10,44,30],"product_tag":[],"_links":{"self":[{"href":"https:\/\/marneantic.com\/index.php\/wp-json\/wp\/v2\/product\/25808"}],"collection":[{"href":"https:\/\/marneantic.com\/index.php\/wp-json\/wp\/v2\/product"}],"about":[{"href":"https:\/\/marneantic.com\/index.php\/wp-json\/wp\/v2\/types\/product"}],"replies":[{"embeddable":true,"href":"https:\/\/marneantic.com\/index.php\/wp-json\/wp\/v2\/comments?post=25808"}],"wp:featuredmedia":[{"embeddable":true,"href":"https:\/\/marneantic.com\/index.php\/wp-json\/wp\/v2\/media\/25809"}],"wp:attachment":[{"href":"https:\/\/marneantic.com\/index.php\/wp-json\/wp\/v2\/media?parent=25808"}],"wp:term":[{"taxonomy":"product_cat","embeddable":true,"href":"https:\/\/marneantic.com\/index.php\/wp-json\/wp\/v2\/product_cat?post=25808"},{"taxonomy":"product_tag","embeddable":true,"href":"https:\/\/marneantic.com\/index.php\/wp-json\/wp\/v2\/product_tag?post=25808"}],"curies":[{"name":"wp","href":"https:\/\/api.w.org\/{rel}","templated":true}]}}