{"id":25813,"date":"2025-04-10T16:09:17","date_gmt":"2025-04-10T15:09:17","guid":{"rendered":"https:\/\/marneantic.com\/?post_type=product&#038;p=25813"},"modified":"2025-04-10T16:09:17","modified_gmt":"2025-04-10T15:09:17","slug":"broc-art-nouveau-en-tole-emaillee","status":"publish","type":"product","link":"https:\/\/marneantic.com\/index.php\/produit\/broc-art-nouveau-en-tole-emaillee\/","title":{"rendered":"Broc art nouveau en tole \u00e9maill\u00e9e"},"content":{"rendered":"","protected":false},"excerpt":{"rendered":"<p><b>Broc art nouveau en tole \u00e9maill\u00e9e, bon \u00e9tat g\u00e9n\u00e9ral, plusieurs \u00e9clats d&rsquo;\u00e9mail sur le rebord ont \u00e9t\u00e9 retouch\u00e9 a la peinture ainsi que le dessous et pr\u00e9sence d&rsquo;un trou en fond de r\u00e9cipient, cela reste une belle pi\u00e8ce d\u00e9corative<\/b><\/p>\n<div><b>hauteur: 33.5cm<\/b><\/div>\n<div><b>diam\u00e8tre au plus large: 18cm<\/b><\/div>\n","protected":false},"featured_media":25814,"comment_status":"open","ping_status":"closed","template":"","meta":{"_et_pb_use_builder":"","_et_pb_old_content":"","_et_gb_content_width":""},"product_cat":[14,8],"product_tag":[],"_links":{"self":[{"href":"https:\/\/marneantic.com\/index.php\/wp-json\/wp\/v2\/product\/25813"}],"collection":[{"href":"https:\/\/marneantic.com\/index.php\/wp-json\/wp\/v2\/product"}],"about":[{"href":"https:\/\/marneantic.com\/index.php\/wp-json\/wp\/v2\/types\/product"}],"replies":[{"embeddable":true,"href":"https:\/\/marneantic.com\/index.php\/wp-json\/wp\/v2\/comments?post=25813"}],"wp:featuredmedia":[{"embeddable":true,"href":"https:\/\/marneantic.com\/index.php\/wp-json\/wp\/v2\/media\/25814"}],"wp:attachment":[{"href":"https:\/\/marneantic.com\/index.php\/wp-json\/wp\/v2\/media?parent=25813"}],"wp:term":[{"taxonomy":"product_cat","embeddable":true,"href":"https:\/\/marneantic.com\/index.php\/wp-json\/wp\/v2\/product_cat?post=25813"},{"taxonomy":"product_tag","embeddable":true,"href":"https:\/\/marneantic.com\/index.php\/wp-json\/wp\/v2\/product_tag?post=25813"}],"curies":[{"name":"wp","href":"https:\/\/api.w.org\/{rel}","templated":true}]}}