{"id":25819,"date":"2025-04-10T17:00:14","date_gmt":"2025-04-10T16:00:14","guid":{"rendered":"https:\/\/marneantic.com\/?post_type=product&#038;p=25819"},"modified":"2025-04-28T07:16:45","modified_gmt":"2025-04-28T06:16:45","slug":"vase-ancien-en-etain-art-deco-signe-f-cortesi","status":"publish","type":"product","link":"https:\/\/marneantic.com\/index.php\/produit\/vase-ancien-en-etain-art-deco-signe-f-cortesi\/","title":{"rendered":"Vase ancien en \u00e9tain art d\u00e9co sign\u00e9 F. Cort\u00e9si"},"content":{"rendered":"","protected":false},"excerpt":{"rendered":"<p><b>Vase ancien en \u00e9tain art d\u00e9co sign\u00e9 F. Cort\u00e9si<\/b><\/p>\n<div><b>bon \u00e9tat<\/b><\/div>\n<div><b>rebord de la base avec traces de petites bosses<br \/>\n<\/b><\/p>\n<div><b>hauteur: 24.5cm<\/b><\/div>\n<\/div>\n<div><b>diam\u00e8tre: 12.5cm<\/b><\/div>\n<p>&nbsp;<\/p>\n<div><\/div>\n","protected":false},"featured_media":25823,"comment_status":"open","ping_status":"closed","template":"","meta":{"_et_pb_use_builder":"","_et_pb_old_content":"","_et_gb_content_width":""},"product_cat":[14,8,30],"product_tag":[],"_links":{"self":[{"href":"https:\/\/marneantic.com\/index.php\/wp-json\/wp\/v2\/product\/25819"}],"collection":[{"href":"https:\/\/marneantic.com\/index.php\/wp-json\/wp\/v2\/product"}],"about":[{"href":"https:\/\/marneantic.com\/index.php\/wp-json\/wp\/v2\/types\/product"}],"replies":[{"embeddable":true,"href":"https:\/\/marneantic.com\/index.php\/wp-json\/wp\/v2\/comments?post=25819"}],"wp:featuredmedia":[{"embeddable":true,"href":"https:\/\/marneantic.com\/index.php\/wp-json\/wp\/v2\/media\/25823"}],"wp:attachment":[{"href":"https:\/\/marneantic.com\/index.php\/wp-json\/wp\/v2\/media?parent=25819"}],"wp:term":[{"taxonomy":"product_cat","embeddable":true,"href":"https:\/\/marneantic.com\/index.php\/wp-json\/wp\/v2\/product_cat?post=25819"},{"taxonomy":"product_tag","embeddable":true,"href":"https:\/\/marneantic.com\/index.php\/wp-json\/wp\/v2\/product_tag?post=25819"}],"curies":[{"name":"wp","href":"https:\/\/api.w.org\/{rel}","templated":true}]}}