{"id":25830,"date":"2025-04-15T10:46:53","date_gmt":"2025-04-15T09:46:53","guid":{"rendered":"https:\/\/marneantic.com\/?post_type=product&#038;p=25830"},"modified":"2025-06-03T07:27:40","modified_gmt":"2025-06-03T06:27:40","slug":"petit-meuble-dappoint-annees-50-4-tiroirs","status":"publish","type":"product","link":"https:\/\/marneantic.com\/index.php\/produit\/petit-meuble-dappoint-annees-50-4-tiroirs\/","title":{"rendered":"Petit meuble d&rsquo;appoint ann\u00e9es 50&prime; 4 tiroirs"},"content":{"rendered":"","protected":false},"excerpt":{"rendered":"<p>Petit meuble d&rsquo;appoint ann\u00e9es 50&prime; en bois peint a 4 tiroirs avec poign\u00e9es rondes en aluminium, en bon \u00e9tat, traces d&rsquo;usages et \u00e9clats de peinture par endroits, hauteur:71cm, largeur:40cm, profondeur: 28cm, pas d&rsquo;exp\u00e9dition postale pour cet article, remise en main propre domicile ou livraison possible en r\u00e9gion parisienne(conditions sur demande)Les produits propos\u00e9s dans notre boutique sont anciens, ils peuvent pr\u00e9sent\u00e9s des traces d\u2019usure, d&rsquo;usage ou rayures qui donnent au produit son caract\u00e8re et son authenticit\u00e9, ils sont pr\u00e9sent\u00e9s au mieux dans la description, \u00e0 travers photos et textes, merci de bien les regarder. Les livraisons assur\u00e9es par nos soins se feront uniquement le samedi matin pour Paris et la petite couronne<\/p>\n","protected":false},"featured_media":25831,"comment_status":"open","ping_status":"closed","template":"","meta":{"_et_pb_use_builder":"","_et_pb_old_content":"","_et_gb_content_width":""},"product_cat":[31,16,30],"product_tag":[],"_links":{"self":[{"href":"https:\/\/marneantic.com\/index.php\/wp-json\/wp\/v2\/product\/25830"}],"collection":[{"href":"https:\/\/marneantic.com\/index.php\/wp-json\/wp\/v2\/product"}],"about":[{"href":"https:\/\/marneantic.com\/index.php\/wp-json\/wp\/v2\/types\/product"}],"replies":[{"embeddable":true,"href":"https:\/\/marneantic.com\/index.php\/wp-json\/wp\/v2\/comments?post=25830"}],"wp:featuredmedia":[{"embeddable":true,"href":"https:\/\/marneantic.com\/index.php\/wp-json\/wp\/v2\/media\/25831"}],"wp:attachment":[{"href":"https:\/\/marneantic.com\/index.php\/wp-json\/wp\/v2\/media?parent=25830"}],"wp:term":[{"taxonomy":"product_cat","embeddable":true,"href":"https:\/\/marneantic.com\/index.php\/wp-json\/wp\/v2\/product_cat?post=25830"},{"taxonomy":"product_tag","embeddable":true,"href":"https:\/\/marneantic.com\/index.php\/wp-json\/wp\/v2\/product_tag?post=25830"}],"curies":[{"name":"wp","href":"https:\/\/api.w.org\/{rel}","templated":true}]}}