{"id":25876,"date":"2025-04-19T15:47:22","date_gmt":"2025-04-19T14:47:22","guid":{"rendered":"https:\/\/marneantic.com\/?post_type=product&#038;p=25876"},"modified":"2025-04-19T15:59:26","modified_gmt":"2025-04-19T14:59:26","slug":"seau-a-glace-vintage-en-cristal-et-metal-dore","status":"publish","type":"product","link":"https:\/\/marneantic.com\/index.php\/produit\/seau-a-glace-vintage-en-cristal-et-metal-dore\/","title":{"rendered":"Seau a glace vintage en cristal et m\u00e9tal dor\u00e9"},"content":{"rendered":"","protected":false},"excerpt":{"rendered":"<p>Seau a glace vintage en cristal tr\u00e8s \u00e9pais et m\u00e9tal dor\u00e9, complet avec cuill\u00e8re, en tr\u00e8s bon \u00e9tat,hauteur:12.7cm, largeur hors poignes: 12cm, profondeur: 11cm<\/p>\n","protected":false},"featured_media":25877,"comment_status":"closed","ping_status":"closed","template":"","meta":{"_et_pb_use_builder":"","_et_pb_old_content":"","_et_gb_content_width":""},"product_cat":[13,10,16,11],"product_tag":[],"_links":{"self":[{"href":"https:\/\/marneantic.com\/index.php\/wp-json\/wp\/v2\/product\/25876"}],"collection":[{"href":"https:\/\/marneantic.com\/index.php\/wp-json\/wp\/v2\/product"}],"about":[{"href":"https:\/\/marneantic.com\/index.php\/wp-json\/wp\/v2\/types\/product"}],"replies":[{"embeddable":true,"href":"https:\/\/marneantic.com\/index.php\/wp-json\/wp\/v2\/comments?post=25876"}],"wp:featuredmedia":[{"embeddable":true,"href":"https:\/\/marneantic.com\/index.php\/wp-json\/wp\/v2\/media\/25877"}],"wp:attachment":[{"href":"https:\/\/marneantic.com\/index.php\/wp-json\/wp\/v2\/media?parent=25876"}],"wp:term":[{"taxonomy":"product_cat","embeddable":true,"href":"https:\/\/marneantic.com\/index.php\/wp-json\/wp\/v2\/product_cat?post=25876"},{"taxonomy":"product_tag","embeddable":true,"href":"https:\/\/marneantic.com\/index.php\/wp-json\/wp\/v2\/product_tag?post=25876"}],"curies":[{"name":"wp","href":"https:\/\/api.w.org\/{rel}","templated":true}]}}