{"id":25880,"date":"2025-04-19T16:09:43","date_gmt":"2025-04-19T15:09:43","guid":{"rendered":"https:\/\/marneantic.com\/?post_type=product&#038;p=25880"},"modified":"2025-04-19T18:54:04","modified_gmt":"2025-04-19T17:54:04","slug":"cendrier-publicitaire-art-deco-ancien-en-verre-materiel-medical-quetin","status":"publish","type":"product","link":"https:\/\/marneantic.com\/index.php\/produit\/cendrier-publicitaire-art-deco-ancien-en-verre-materiel-medical-quetin\/","title":{"rendered":"Cendrier publicitaire art deco ancien en verre &#8211; mat\u00e9riel m\u00e9dical QUETIN"},"content":{"rendered":"","protected":false},"excerpt":{"rendered":"<p>Cendrier publicitaire art deco ancien en verre &#8211; mat\u00e9riel m\u00e9dical QUETIN (163 AV Gambetta &#8211; Paris 20eme), d\u00e9cor d\u00e9poli, en bon \u00e9tat, diametre:11.2cm, hauteur: 4.5cm<\/p>\n","protected":false},"featured_media":25881,"comment_status":"open","ping_status":"closed","template":"","meta":{"_et_pb_use_builder":"","_et_pb_old_content":"","_et_gb_content_width":""},"product_cat":[15,30],"product_tag":[],"_links":{"self":[{"href":"https:\/\/marneantic.com\/index.php\/wp-json\/wp\/v2\/product\/25880"}],"collection":[{"href":"https:\/\/marneantic.com\/index.php\/wp-json\/wp\/v2\/product"}],"about":[{"href":"https:\/\/marneantic.com\/index.php\/wp-json\/wp\/v2\/types\/product"}],"replies":[{"embeddable":true,"href":"https:\/\/marneantic.com\/index.php\/wp-json\/wp\/v2\/comments?post=25880"}],"wp:featuredmedia":[{"embeddable":true,"href":"https:\/\/marneantic.com\/index.php\/wp-json\/wp\/v2\/media\/25881"}],"wp:attachment":[{"href":"https:\/\/marneantic.com\/index.php\/wp-json\/wp\/v2\/media?parent=25880"}],"wp:term":[{"taxonomy":"product_cat","embeddable":true,"href":"https:\/\/marneantic.com\/index.php\/wp-json\/wp\/v2\/product_cat?post=25880"},{"taxonomy":"product_tag","embeddable":true,"href":"https:\/\/marneantic.com\/index.php\/wp-json\/wp\/v2\/product_tag?post=25880"}],"curies":[{"name":"wp","href":"https:\/\/api.w.org\/{rel}","templated":true}]}}