{"id":25897,"date":"2025-04-21T14:30:35","date_gmt":"2025-04-21T13:30:35","guid":{"rendered":"https:\/\/marneantic.com\/?post_type=product&#038;p=25897"},"modified":"2025-10-14T13:08:47","modified_gmt":"2025-10-14T12:08:47","slug":"buffet-ancien-en-bois","status":"publish","type":"product","link":"https:\/\/marneantic.com\/index.php\/produit\/buffet-ancien-en-bois\/","title":{"rendered":"Buffet ancien en bois"},"content":{"rendered":"","protected":false},"excerpt":{"rendered":"<p>Buffet ancien en bois a 4 \u00e9tag\u00e8res, en bon \u00e9tat, sorti de grenier (une trace ancienne sur le plateau probablement un pot de fleur, pon\u00e7age a pr\u00e9voir),\u00a0 largeur:155.5cm<br \/>\nprofondeur:50cm<br \/>\nhauteur:88cm<br \/>\npas d&rsquo;exp\u00e9dition postale pour cet article, remise en main propre domicile ou livraison possible en r\u00e9gion parisienne(conditions sur demande) Les produits propos\u00e9s dans notre boutique sont anciens, ils peuvent pr\u00e9sent\u00e9s des traces d\u2019usure, d&rsquo;usage ou rayures qui donnent au produit son caract\u00e8re et son authenticit\u00e9, ils sont pr\u00e9sent\u00e9s au mieux dans la description, \u00e0 travers photos et textes, merci de bien les regarder. Les livraisons assur\u00e9es par nos soins se feront uniquement le samedi matin pour paris et la petite couronne.<\/p>\n","protected":false},"featured_media":25898,"comment_status":"open","ping_status":"closed","template":"","meta":{"_et_pb_use_builder":"","_et_pb_old_content":"","_et_gb_content_width":""},"product_cat":[31,16,30],"product_tag":[],"_links":{"self":[{"href":"https:\/\/marneantic.com\/index.php\/wp-json\/wp\/v2\/product\/25897"}],"collection":[{"href":"https:\/\/marneantic.com\/index.php\/wp-json\/wp\/v2\/product"}],"about":[{"href":"https:\/\/marneantic.com\/index.php\/wp-json\/wp\/v2\/types\/product"}],"replies":[{"embeddable":true,"href":"https:\/\/marneantic.com\/index.php\/wp-json\/wp\/v2\/comments?post=25897"}],"wp:featuredmedia":[{"embeddable":true,"href":"https:\/\/marneantic.com\/index.php\/wp-json\/wp\/v2\/media\/25898"}],"wp:attachment":[{"href":"https:\/\/marneantic.com\/index.php\/wp-json\/wp\/v2\/media?parent=25897"}],"wp:term":[{"taxonomy":"product_cat","embeddable":true,"href":"https:\/\/marneantic.com\/index.php\/wp-json\/wp\/v2\/product_cat?post=25897"},{"taxonomy":"product_tag","embeddable":true,"href":"https:\/\/marneantic.com\/index.php\/wp-json\/wp\/v2\/product_tag?post=25897"}],"curies":[{"name":"wp","href":"https:\/\/api.w.org\/{rel}","templated":true}]}}