{"id":25922,"date":"2025-04-23T15:06:43","date_gmt":"2025-04-23T14:06:43","guid":{"rendered":"https:\/\/marneantic.com\/?post_type=product&#038;p=25922"},"modified":"2025-09-09T08:09:29","modified_gmt":"2025-09-09T07:09:29","slug":"pichet-barbotine-canard-st-clement","status":"publish","type":"product","link":"https:\/\/marneantic.com\/index.php\/produit\/pichet-barbotine-canard-st-clement\/","title":{"rendered":"Pichet barbotine canard &#8211; St Cl\u00e9ment"},"content":{"rendered":"","protected":false},"excerpt":{"rendered":"<p><b>Pichet barbotine canard en fa\u00efence de St Cl\u00e9ment<\/b><\/p>\n<div><b>bon \u00e9tat, a signaler un petit \u00e9clat au socle(voir photo)<\/b><\/div>\n<div><b>hauteur: 33.5cm<\/b><\/div>\n","protected":false},"featured_media":25926,"comment_status":"open","ping_status":"closed","template":"","meta":{"_et_pb_use_builder":"","_et_pb_old_content":"","_et_gb_content_width":""},"product_cat":[13,10,14,30],"product_tag":[],"_links":{"self":[{"href":"https:\/\/marneantic.com\/index.php\/wp-json\/wp\/v2\/product\/25922"}],"collection":[{"href":"https:\/\/marneantic.com\/index.php\/wp-json\/wp\/v2\/product"}],"about":[{"href":"https:\/\/marneantic.com\/index.php\/wp-json\/wp\/v2\/types\/product"}],"replies":[{"embeddable":true,"href":"https:\/\/marneantic.com\/index.php\/wp-json\/wp\/v2\/comments?post=25922"}],"wp:featuredmedia":[{"embeddable":true,"href":"https:\/\/marneantic.com\/index.php\/wp-json\/wp\/v2\/media\/25926"}],"wp:attachment":[{"href":"https:\/\/marneantic.com\/index.php\/wp-json\/wp\/v2\/media?parent=25922"}],"wp:term":[{"taxonomy":"product_cat","embeddable":true,"href":"https:\/\/marneantic.com\/index.php\/wp-json\/wp\/v2\/product_cat?post=25922"},{"taxonomy":"product_tag","embeddable":true,"href":"https:\/\/marneantic.com\/index.php\/wp-json\/wp\/v2\/product_tag?post=25922"}],"curies":[{"name":"wp","href":"https:\/\/api.w.org\/{rel}","templated":true}]}}