{"id":25927,"date":"2025-04-23T15:26:27","date_gmt":"2025-04-23T14:26:27","guid":{"rendered":"https:\/\/marneantic.com\/?post_type=product&#038;p=25927"},"modified":"2025-12-17T08:38:30","modified_gmt":"2025-12-17T07:38:30","slug":"pichet-barbotine-perroquet-st-clement","status":"publish","type":"product","link":"https:\/\/marneantic.com\/index.php\/produit\/pichet-barbotine-perroquet-st-clement\/","title":{"rendered":"Pichet barbotine perroquet &#8211; St Cl\u00e9ment"},"content":{"rendered":"","protected":false},"excerpt":{"rendered":"<p><b>Pichet barbotine perroquet en fa\u00efence de St Cl\u00e9ment<\/b><\/p>\n<div><b>parfait \u00e9tat<\/b><\/div>\n<div><b>hauteur: 33.5cm<\/b><\/div>\n","protected":false},"featured_media":25930,"comment_status":"open","ping_status":"closed","template":"","meta":{"_et_pb_use_builder":"","_et_pb_old_content":"","_et_gb_content_width":""},"product_cat":[13,10,14,30],"product_tag":[],"_links":{"self":[{"href":"https:\/\/marneantic.com\/index.php\/wp-json\/wp\/v2\/product\/25927"}],"collection":[{"href":"https:\/\/marneantic.com\/index.php\/wp-json\/wp\/v2\/product"}],"about":[{"href":"https:\/\/marneantic.com\/index.php\/wp-json\/wp\/v2\/types\/product"}],"replies":[{"embeddable":true,"href":"https:\/\/marneantic.com\/index.php\/wp-json\/wp\/v2\/comments?post=25927"}],"wp:featuredmedia":[{"embeddable":true,"href":"https:\/\/marneantic.com\/index.php\/wp-json\/wp\/v2\/media\/25930"}],"wp:attachment":[{"href":"https:\/\/marneantic.com\/index.php\/wp-json\/wp\/v2\/media?parent=25927"}],"wp:term":[{"taxonomy":"product_cat","embeddable":true,"href":"https:\/\/marneantic.com\/index.php\/wp-json\/wp\/v2\/product_cat?post=25927"},{"taxonomy":"product_tag","embeddable":true,"href":"https:\/\/marneantic.com\/index.php\/wp-json\/wp\/v2\/product_tag?post=25927"}],"curies":[{"name":"wp","href":"https:\/\/api.w.org\/{rel}","templated":true}]}}