{"id":25959,"date":"2025-04-29T14:23:02","date_gmt":"2025-04-29T13:23:02","guid":{"rendered":"https:\/\/marneantic.com\/?post_type=product&#038;p=25959"},"modified":"2026-01-31T15:11:02","modified_gmt":"2026-01-31T14:11:02","slug":"grand-cadre-ancien-en-bois-et-stuc","status":"publish","type":"product","link":"https:\/\/marneantic.com\/index.php\/produit\/grand-cadre-ancien-en-bois-et-stuc\/","title":{"rendered":"Grand cadre ancien en bois et stuc"},"content":{"rendered":"","protected":false},"excerpt":{"rendered":"<p>cadre ancien en bois et stuc, rebord int\u00e9rieur dor\u00e9 et peinture sur stuc imitation bois en bon \u00e9tat, traces d&rsquo;usages et petits \u00e9clats de stuc<br \/>\nhauteur:86cm<br \/>\nlargeur:63cm<br \/>\ndimensions utiles:73.5&#215;50.4cm, largeur bois: 7cm<\/p>\n","protected":false},"featured_media":25960,"comment_status":"open","ping_status":"closed","template":"","meta":{"_et_pb_use_builder":"","_et_pb_old_content":"","_et_gb_content_width":""},"product_cat":[8,30],"product_tag":[],"_links":{"self":[{"href":"https:\/\/marneantic.com\/index.php\/wp-json\/wp\/v2\/product\/25959"}],"collection":[{"href":"https:\/\/marneantic.com\/index.php\/wp-json\/wp\/v2\/product"}],"about":[{"href":"https:\/\/marneantic.com\/index.php\/wp-json\/wp\/v2\/types\/product"}],"replies":[{"embeddable":true,"href":"https:\/\/marneantic.com\/index.php\/wp-json\/wp\/v2\/comments?post=25959"}],"wp:featuredmedia":[{"embeddable":true,"href":"https:\/\/marneantic.com\/index.php\/wp-json\/wp\/v2\/media\/25960"}],"wp:attachment":[{"href":"https:\/\/marneantic.com\/index.php\/wp-json\/wp\/v2\/media?parent=25959"}],"wp:term":[{"taxonomy":"product_cat","embeddable":true,"href":"https:\/\/marneantic.com\/index.php\/wp-json\/wp\/v2\/product_cat?post=25959"},{"taxonomy":"product_tag","embeddable":true,"href":"https:\/\/marneantic.com\/index.php\/wp-json\/wp\/v2\/product_tag?post=25959"}],"curies":[{"name":"wp","href":"https:\/\/api.w.org\/{rel}","templated":true}]}}