{"id":25964,"date":"2025-04-29T14:48:06","date_gmt":"2025-04-29T13:48:06","guid":{"rendered":"https:\/\/marneantic.com\/?post_type=product&#038;p=25964"},"modified":"2025-05-08T10:31:55","modified_gmt":"2025-05-08T09:31:55","slug":"porte-manteau-perroquet-baumann","status":"publish","type":"product","link":"https:\/\/marneantic.com\/index.php\/produit\/porte-manteau-perroquet-baumann\/","title":{"rendered":"Porte manteau perroquet Baumann"},"content":{"rendered":"","protected":false},"excerpt":{"rendered":"<p>Porte manteau perroquet ancien sign\u00e9 Baumann, en bon \u00e9tat, traces d&rsquo;usage et bois partiellement d\u00e9coll\u00e9 au raccord sur la couronne du pied (peu visible) la t\u00eate est amovible<br \/>\nhauteur: 186cm<br \/>\ndiam\u00e8tre couronne haute: 42cm<br \/>\ndiam\u00e8tre pied: 67cm<\/p>\n<p>pas d&rsquo;exp\u00e9dition postale pour cet article, remise en main propre domicile ou livraison possible en r\u00e9gion parisienne(conditions sur demande)<\/p>\n<p>Les produits propos\u00e9s dans notre boutique sont anciens, ils peuvent pr\u00e9sent\u00e9s des traces d\u2019usure, d&rsquo;usage ou rayures qui donnent au produit son caract\u00e8re et son authenticit\u00e9, ils sont pr\u00e9sent\u00e9s au mieux dans la description, \u00e0 travers photos et textes, merci de bien les regarder.<\/p>\n","protected":false},"featured_media":25970,"comment_status":"open","ping_status":"closed","template":"","meta":{"_et_pb_use_builder":"","_et_pb_old_content":"","_et_gb_content_width":""},"product_cat":[31,16,30],"product_tag":[],"_links":{"self":[{"href":"https:\/\/marneantic.com\/index.php\/wp-json\/wp\/v2\/product\/25964"}],"collection":[{"href":"https:\/\/marneantic.com\/index.php\/wp-json\/wp\/v2\/product"}],"about":[{"href":"https:\/\/marneantic.com\/index.php\/wp-json\/wp\/v2\/types\/product"}],"replies":[{"embeddable":true,"href":"https:\/\/marneantic.com\/index.php\/wp-json\/wp\/v2\/comments?post=25964"}],"wp:featuredmedia":[{"embeddable":true,"href":"https:\/\/marneantic.com\/index.php\/wp-json\/wp\/v2\/media\/25970"}],"wp:attachment":[{"href":"https:\/\/marneantic.com\/index.php\/wp-json\/wp\/v2\/media?parent=25964"}],"wp:term":[{"taxonomy":"product_cat","embeddable":true,"href":"https:\/\/marneantic.com\/index.php\/wp-json\/wp\/v2\/product_cat?post=25964"},{"taxonomy":"product_tag","embeddable":true,"href":"https:\/\/marneantic.com\/index.php\/wp-json\/wp\/v2\/product_tag?post=25964"}],"curies":[{"name":"wp","href":"https:\/\/api.w.org\/{rel}","templated":true}]}}