{"id":26003,"date":"2025-05-11T15:13:44","date_gmt":"2025-05-11T14:13:44","guid":{"rendered":"https:\/\/marneantic.com\/?post_type=product&#038;p=26003"},"modified":"2025-06-19T15:46:30","modified_gmt":"2025-06-19T14:46:30","slug":"lot-de-3-chaises-decole-anciennes","status":"publish","type":"product","link":"https:\/\/marneantic.com\/index.php\/produit\/lot-de-3-chaises-decole-anciennes\/","title":{"rendered":"Lot de 3 chaises d&rsquo;\u00e9cole anciennes"},"content":{"rendered":"","protected":false},"excerpt":{"rendered":"<p>lot de 3 de chaises d&rsquo;\u00e9cole anciennes en m\u00e9tal et bois, en tr\u00e8s bon \u00e9tat, traces d&rsquo;usage<br \/>\nhauteur dossier:79cm<br \/>\nhauteur assise:46cm<br \/>\nlargeur:37.5m<br \/>\nprofondeur:35.5cm<\/p>\n<p>pas d&rsquo;exp\u00e9dition postale pour cet article, remise en main propre domicile ou livraison possible en r\u00e9gion parisienne(conditions sur demande)<\/p>\n<p>Les produits propos\u00e9s dans notre boutique sont anciens, ils peuvent pr\u00e9sent\u00e9s des traces d\u2019usure, d&rsquo;usage ou rayures qui donnent au produit son caract\u00e8re et son authenticit\u00e9, ils sont pr\u00e9sent\u00e9s au mieux dans la description, \u00e0 travers photos et textes, merci de bien les regarder.<br \/>\nLes livraisons assur\u00e9es par nos soins se feront uniquement le samedi matin pour Paris et la petite couronne<\/p>\n","protected":false},"featured_media":26004,"comment_status":"open","ping_status":"closed","template":"","meta":{"_et_pb_use_builder":"","_et_pb_old_content":"","_et_gb_content_width":""},"product_cat":[31,16,30],"product_tag":[],"_links":{"self":[{"href":"https:\/\/marneantic.com\/index.php\/wp-json\/wp\/v2\/product\/26003"}],"collection":[{"href":"https:\/\/marneantic.com\/index.php\/wp-json\/wp\/v2\/product"}],"about":[{"href":"https:\/\/marneantic.com\/index.php\/wp-json\/wp\/v2\/types\/product"}],"replies":[{"embeddable":true,"href":"https:\/\/marneantic.com\/index.php\/wp-json\/wp\/v2\/comments?post=26003"}],"wp:featuredmedia":[{"embeddable":true,"href":"https:\/\/marneantic.com\/index.php\/wp-json\/wp\/v2\/media\/26004"}],"wp:attachment":[{"href":"https:\/\/marneantic.com\/index.php\/wp-json\/wp\/v2\/media?parent=26003"}],"wp:term":[{"taxonomy":"product_cat","embeddable":true,"href":"https:\/\/marneantic.com\/index.php\/wp-json\/wp\/v2\/product_cat?post=26003"},{"taxonomy":"product_tag","embeddable":true,"href":"https:\/\/marneantic.com\/index.php\/wp-json\/wp\/v2\/product_tag?post=26003"}],"curies":[{"name":"wp","href":"https:\/\/api.w.org\/{rel}","templated":true}]}}