{"id":26019,"date":"2025-05-11T16:03:50","date_gmt":"2025-05-11T15:03:50","guid":{"rendered":"https:\/\/marneantic.com\/?post_type=product&#038;p=26019"},"modified":"2025-05-11T16:08:04","modified_gmt":"2025-05-11T15:08:04","slug":"gravure-doiseau-ancienne-encadree-4","status":"publish","type":"product","link":"https:\/\/marneantic.com\/index.php\/produit\/gravure-doiseau-ancienne-encadree-4\/","title":{"rendered":"Gravure d&rsquo;oiseau ancienne encadr\u00e9e"},"content":{"rendered":"","protected":false},"excerpt":{"rendered":"<p><span style=\"font-family: Arial; font-size: large;\"><b>gravure d&rsquo;oiseau ancienne encadr\u00e9e(illigers macaw) , tr\u00e8s bon \u00e9tat, belle qualit\u00e9 d&rsquo;encadrement<\/b><\/span><br \/>\n<span style=\"font-family: Arial; font-size: large;\"><b>dimensions totale:49.2&#215;41.7cm<\/b><\/span><\/p>\n","protected":false},"featured_media":26021,"comment_status":"open","ping_status":"closed","template":"","meta":{"_et_pb_use_builder":"","_et_pb_old_content":"","_et_gb_content_width":""},"product_cat":[8],"product_tag":[],"_links":{"self":[{"href":"https:\/\/marneantic.com\/index.php\/wp-json\/wp\/v2\/product\/26019"}],"collection":[{"href":"https:\/\/marneantic.com\/index.php\/wp-json\/wp\/v2\/product"}],"about":[{"href":"https:\/\/marneantic.com\/index.php\/wp-json\/wp\/v2\/types\/product"}],"replies":[{"embeddable":true,"href":"https:\/\/marneantic.com\/index.php\/wp-json\/wp\/v2\/comments?post=26019"}],"wp:featuredmedia":[{"embeddable":true,"href":"https:\/\/marneantic.com\/index.php\/wp-json\/wp\/v2\/media\/26021"}],"wp:attachment":[{"href":"https:\/\/marneantic.com\/index.php\/wp-json\/wp\/v2\/media?parent=26019"}],"wp:term":[{"taxonomy":"product_cat","embeddable":true,"href":"https:\/\/marneantic.com\/index.php\/wp-json\/wp\/v2\/product_cat?post=26019"},{"taxonomy":"product_tag","embeddable":true,"href":"https:\/\/marneantic.com\/index.php\/wp-json\/wp\/v2\/product_tag?post=26019"}],"curies":[{"name":"wp","href":"https:\/\/api.w.org\/{rel}","templated":true}]}}