{"id":26024,"date":"2025-05-12T12:43:29","date_gmt":"2025-05-12T11:43:29","guid":{"rendered":"https:\/\/marneantic.com\/?post_type=product&#038;p=26024"},"modified":"2025-05-12T12:51:06","modified_gmt":"2025-05-12T11:51:06","slug":"boite-a-anchois-ou-hareng-ancienne-en-porcelaine","status":"publish","type":"product","link":"https:\/\/marneantic.com\/index.php\/produit\/boite-a-anchois-ou-hareng-ancienne-en-porcelaine\/","title":{"rendered":"Boite a anchois ou hareng ancienne en porcelaine"},"content":{"rendered":"","protected":false},"excerpt":{"rendered":"<p><span style=\"font-family: Arial;\">Boite a anchois ancienne en porcelaine a d\u00e9cor de style barbeau, poign\u00e9e hareng, en bon \u00e9tat(petite usure du liser\u00e9 bleu par endroits sur les rebords)<\/span><\/p>\n<div><span style=\"font-family: Arial;\">longueur hors poign\u00e9es totale:20.2cm<\/span><\/div>\n<div><span style=\"font-family: Arial;\">largeur:11.8cm<\/span><\/div>\n<div><span style=\"font-family: Arial;\">longueur contenant:20cm,largeur:10.5cm<\/span><\/div>\n<div><span style=\"font-family: Arial;\">hauteur avec poign\u00e9e:9cm<\/span><\/div>\n<div><span style=\"font-family: Arial;\">aucune marque de fabrique<\/span><\/div>\n","protected":false},"featured_media":26025,"comment_status":"open","ping_status":"closed","template":"","meta":{"_et_pb_use_builder":"","_et_pb_old_content":"","_et_gb_content_width":""},"product_cat":[13,10,7],"product_tag":[],"_links":{"self":[{"href":"https:\/\/marneantic.com\/index.php\/wp-json\/wp\/v2\/product\/26024"}],"collection":[{"href":"https:\/\/marneantic.com\/index.php\/wp-json\/wp\/v2\/product"}],"about":[{"href":"https:\/\/marneantic.com\/index.php\/wp-json\/wp\/v2\/types\/product"}],"replies":[{"embeddable":true,"href":"https:\/\/marneantic.com\/index.php\/wp-json\/wp\/v2\/comments?post=26024"}],"wp:featuredmedia":[{"embeddable":true,"href":"https:\/\/marneantic.com\/index.php\/wp-json\/wp\/v2\/media\/26025"}],"wp:attachment":[{"href":"https:\/\/marneantic.com\/index.php\/wp-json\/wp\/v2\/media?parent=26024"}],"wp:term":[{"taxonomy":"product_cat","embeddable":true,"href":"https:\/\/marneantic.com\/index.php\/wp-json\/wp\/v2\/product_cat?post=26024"},{"taxonomy":"product_tag","embeddable":true,"href":"https:\/\/marneantic.com\/index.php\/wp-json\/wp\/v2\/product_tag?post=26024"}],"curies":[{"name":"wp","href":"https:\/\/api.w.org\/{rel}","templated":true}]}}