{"id":26030,"date":"2025-05-12T13:30:49","date_gmt":"2025-05-12T12:30:49","guid":{"rendered":"https:\/\/marneantic.com\/?post_type=product&#038;p=26030"},"modified":"2025-05-12T13:32:46","modified_gmt":"2025-05-12T12:32:46","slug":"pichet-a-lait-en-faience-lancaster","status":"publish","type":"product","link":"https:\/\/marneantic.com\/index.php\/produit\/pichet-a-lait-en-faience-lancaster\/","title":{"rendered":"Pichet a lait en fa\u00efence Lancaster"},"content":{"rendered":"","protected":false},"excerpt":{"rendered":"<p>Pichet a lait en fa\u00efence de Lancaster, en tr\u00e8s bon \u00e9tat,hauteur:15.5cm, diametre:10.5cm hors poign\u00e9e et bec<\/p>\n","protected":false},"featured_media":26033,"comment_status":"open","ping_status":"closed","template":"","meta":{"_et_pb_use_builder":"","_et_pb_old_content":"","_et_gb_content_width":""},"product_cat":[26,7],"product_tag":[],"_links":{"self":[{"href":"https:\/\/marneantic.com\/index.php\/wp-json\/wp\/v2\/product\/26030"}],"collection":[{"href":"https:\/\/marneantic.com\/index.php\/wp-json\/wp\/v2\/product"}],"about":[{"href":"https:\/\/marneantic.com\/index.php\/wp-json\/wp\/v2\/types\/product"}],"replies":[{"embeddable":true,"href":"https:\/\/marneantic.com\/index.php\/wp-json\/wp\/v2\/comments?post=26030"}],"wp:featuredmedia":[{"embeddable":true,"href":"https:\/\/marneantic.com\/index.php\/wp-json\/wp\/v2\/media\/26033"}],"wp:attachment":[{"href":"https:\/\/marneantic.com\/index.php\/wp-json\/wp\/v2\/media?parent=26030"}],"wp:term":[{"taxonomy":"product_cat","embeddable":true,"href":"https:\/\/marneantic.com\/index.php\/wp-json\/wp\/v2\/product_cat?post=26030"},{"taxonomy":"product_tag","embeddable":true,"href":"https:\/\/marneantic.com\/index.php\/wp-json\/wp\/v2\/product_tag?post=26030"}],"curies":[{"name":"wp","href":"https:\/\/api.w.org\/{rel}","templated":true}]}}