{"id":26034,"date":"2025-05-12T13:36:09","date_gmt":"2025-05-12T12:36:09","guid":{"rendered":"https:\/\/marneantic.com\/?post_type=product&#038;p=26034"},"modified":"2025-05-12T13:37:55","modified_gmt":"2025-05-12T12:37:55","slug":"pichet-a-lait-en-faience-lancaster-2","status":"publish","type":"product","link":"https:\/\/marneantic.com\/index.php\/produit\/pichet-a-lait-en-faience-lancaster-2\/","title":{"rendered":"Pichet a lait en fa\u00efence Lancaster"},"content":{"rendered":"","protected":false},"excerpt":{"rendered":"<p>Pichet a lait en fa\u00efence de Lancaster, en tr\u00e8s bon \u00e9tat,hauteur:10.2cm, diametre:10.5cm hors poign\u00e9e et bec<\/p>\n","protected":false},"featured_media":26037,"comment_status":"open","ping_status":"closed","template":"","meta":{"_et_pb_use_builder":"","_et_pb_old_content":"","_et_gb_content_width":""},"product_cat":[26,7],"product_tag":[],"_links":{"self":[{"href":"https:\/\/marneantic.com\/index.php\/wp-json\/wp\/v2\/product\/26034"}],"collection":[{"href":"https:\/\/marneantic.com\/index.php\/wp-json\/wp\/v2\/product"}],"about":[{"href":"https:\/\/marneantic.com\/index.php\/wp-json\/wp\/v2\/types\/product"}],"replies":[{"embeddable":true,"href":"https:\/\/marneantic.com\/index.php\/wp-json\/wp\/v2\/comments?post=26034"}],"wp:featuredmedia":[{"embeddable":true,"href":"https:\/\/marneantic.com\/index.php\/wp-json\/wp\/v2\/media\/26037"}],"wp:attachment":[{"href":"https:\/\/marneantic.com\/index.php\/wp-json\/wp\/v2\/media?parent=26034"}],"wp:term":[{"taxonomy":"product_cat","embeddable":true,"href":"https:\/\/marneantic.com\/index.php\/wp-json\/wp\/v2\/product_cat?post=26034"},{"taxonomy":"product_tag","embeddable":true,"href":"https:\/\/marneantic.com\/index.php\/wp-json\/wp\/v2\/product_tag?post=26034"}],"curies":[{"name":"wp","href":"https:\/\/api.w.org\/{rel}","templated":true}]}}