{"id":26077,"date":"2025-05-13T10:45:15","date_gmt":"2025-05-13T09:45:15","guid":{"rendered":"https:\/\/marneantic.com\/?post_type=product&#038;p=26077"},"modified":"2025-05-13T10:45:15","modified_gmt":"2025-05-13T09:45:15","slug":"grande-plaque-en-fonte-daluminium-art-deco-signe-dem","status":"publish","type":"product","link":"https:\/\/marneantic.com\/index.php\/produit\/grande-plaque-en-fonte-daluminium-art-deco-signe-dem\/","title":{"rendered":"Grande plaque en fonte d&rsquo;aluminium art-d\u00e9co sign\u00e9 DEM"},"content":{"rendered":"","protected":false},"excerpt":{"rendered":"<p><b>Grande plaque en fonte d&rsquo;aluminium art-d\u00e9co sign\u00e9 DEM, en tr\u00e8s bon \u00e9tat, les cartouches sont vierges de gravures, a l&rsquo;arri\u00e8re des pattes de fixation sont pr\u00e9vues pour l&rsquo;accroche<\/b><\/p>\n<div><b>poids environ 15kg<\/b><\/div>\n<div><b>longueur:90.5cm<\/b><\/div>\n<div><b>hauteur:60cm<\/b><\/div>\n<div><b>\u00e9paisseur au plus:6cm<\/b><\/div>\n<div><b>pas d&rsquo;exp\u00e9dition postal pour cet objet, retrait domicile, livraison France par cocolis sur demande ou par mes soins en r\u00e9gion parisienne sur demande \u00e9galement<\/b><\/div>\n<div><b>le tarif de livraison indiqu\u00e9 n&rsquo;est qu&rsquo;indicatif et reste a affin\u00e9 suivant la destination<\/b><\/div>\n","protected":false},"featured_media":26085,"comment_status":"open","ping_status":"closed","template":"","meta":{"_et_pb_use_builder":"","_et_pb_old_content":"","_et_gb_content_width":""},"product_cat":[44,14,8],"product_tag":[],"_links":{"self":[{"href":"https:\/\/marneantic.com\/index.php\/wp-json\/wp\/v2\/product\/26077"}],"collection":[{"href":"https:\/\/marneantic.com\/index.php\/wp-json\/wp\/v2\/product"}],"about":[{"href":"https:\/\/marneantic.com\/index.php\/wp-json\/wp\/v2\/types\/product"}],"replies":[{"embeddable":true,"href":"https:\/\/marneantic.com\/index.php\/wp-json\/wp\/v2\/comments?post=26077"}],"wp:featuredmedia":[{"embeddable":true,"href":"https:\/\/marneantic.com\/index.php\/wp-json\/wp\/v2\/media\/26085"}],"wp:attachment":[{"href":"https:\/\/marneantic.com\/index.php\/wp-json\/wp\/v2\/media?parent=26077"}],"wp:term":[{"taxonomy":"product_cat","embeddable":true,"href":"https:\/\/marneantic.com\/index.php\/wp-json\/wp\/v2\/product_cat?post=26077"},{"taxonomy":"product_tag","embeddable":true,"href":"https:\/\/marneantic.com\/index.php\/wp-json\/wp\/v2\/product_tag?post=26077"}],"curies":[{"name":"wp","href":"https:\/\/api.w.org\/{rel}","templated":true}]}}