{"id":26110,"date":"2025-05-13T13:13:42","date_gmt":"2025-05-13T12:13:42","guid":{"rendered":"https:\/\/marneantic.com\/?post_type=product&#038;p=26110"},"modified":"2025-05-13T13:20:47","modified_gmt":"2025-05-13T12:20:47","slug":"gien-dessous-de-bouteille-en-faience-decor-cachemire","status":"publish","type":"product","link":"https:\/\/marneantic.com\/index.php\/produit\/gien-dessous-de-bouteille-en-faience-decor-cachemire\/","title":{"rendered":"GIEN &#8211; dessous de bouteille en fa\u00efence d\u00e9cor cachemire"},"content":{"rendered":"","protected":false},"excerpt":{"rendered":"<p><strong>GIEN &#8211; dessous de bouteille en fa\u00efence d\u00e9cor cachemire, vers 1950 en tr\u00e8s bon \u00e9tat<\/strong><\/p>\n<div><strong>diam\u00e8tre: 11.9cm<\/strong><\/div>\n<div><\/div>\n","protected":false},"featured_media":26111,"comment_status":"open","ping_status":"closed","template":"","meta":{"_et_pb_use_builder":"","_et_pb_old_content":"","_et_gb_content_width":""},"product_cat":[13,10],"product_tag":[],"_links":{"self":[{"href":"https:\/\/marneantic.com\/index.php\/wp-json\/wp\/v2\/product\/26110"}],"collection":[{"href":"https:\/\/marneantic.com\/index.php\/wp-json\/wp\/v2\/product"}],"about":[{"href":"https:\/\/marneantic.com\/index.php\/wp-json\/wp\/v2\/types\/product"}],"replies":[{"embeddable":true,"href":"https:\/\/marneantic.com\/index.php\/wp-json\/wp\/v2\/comments?post=26110"}],"wp:featuredmedia":[{"embeddable":true,"href":"https:\/\/marneantic.com\/index.php\/wp-json\/wp\/v2\/media\/26111"}],"wp:attachment":[{"href":"https:\/\/marneantic.com\/index.php\/wp-json\/wp\/v2\/media?parent=26110"}],"wp:term":[{"taxonomy":"product_cat","embeddable":true,"href":"https:\/\/marneantic.com\/index.php\/wp-json\/wp\/v2\/product_cat?post=26110"},{"taxonomy":"product_tag","embeddable":true,"href":"https:\/\/marneantic.com\/index.php\/wp-json\/wp\/v2\/product_tag?post=26110"}],"curies":[{"name":"wp","href":"https:\/\/api.w.org\/{rel}","templated":true}]}}