{"id":26132,"date":"2025-05-15T10:46:38","date_gmt":"2025-05-15T09:46:38","guid":{"rendered":"https:\/\/marneantic.com\/?post_type=product&#038;p=26132"},"modified":"2025-05-15T10:54:25","modified_gmt":"2025-05-15T09:54:25","slug":"presentoir-a-coquetiers-ancien-en-porcelaine-decor-barbeau","status":"publish","type":"product","link":"https:\/\/marneantic.com\/index.php\/produit\/presentoir-a-coquetiers-ancien-en-porcelaine-decor-barbeau\/","title":{"rendered":"Pr\u00e9sentoir a coquetiers ancien en porcelaine, d\u00e9cor barbeau"},"content":{"rendered":"","protected":false},"excerpt":{"rendered":"<p><strong><span style=\"color: #666666; font-family: Open Sans, Arial, sans-serif;\">Pr\u00e9sentoir a coquetiers ancien en porcelaine, d\u00e9cor barbeau, poign\u00e9e poussin<\/span><span style=\"font-size: large;\"><span style=\"color: #666666; font-family: Open Sans, Arial, sans-serif;\">, en bon \u00e9tat, a signaler un petit f\u00eale(voir photo)<\/span><\/span><\/strong><\/p>\n<p><strong><span style=\"font-size: large;\">\u00a0hauteur: 12cm, diametre:17cm<\/span><\/strong><\/p>\n<p>&nbsp;<\/p>\n","protected":false},"featured_media":26133,"comment_status":"open","ping_status":"closed","template":"","meta":{"_et_pb_use_builder":"","_et_pb_old_content":"","_et_gb_content_width":""},"product_cat":[13,10,28,7],"product_tag":[],"_links":{"self":[{"href":"https:\/\/marneantic.com\/index.php\/wp-json\/wp\/v2\/product\/26132"}],"collection":[{"href":"https:\/\/marneantic.com\/index.php\/wp-json\/wp\/v2\/product"}],"about":[{"href":"https:\/\/marneantic.com\/index.php\/wp-json\/wp\/v2\/types\/product"}],"replies":[{"embeddable":true,"href":"https:\/\/marneantic.com\/index.php\/wp-json\/wp\/v2\/comments?post=26132"}],"wp:featuredmedia":[{"embeddable":true,"href":"https:\/\/marneantic.com\/index.php\/wp-json\/wp\/v2\/media\/26133"}],"wp:attachment":[{"href":"https:\/\/marneantic.com\/index.php\/wp-json\/wp\/v2\/media?parent=26132"}],"wp:term":[{"taxonomy":"product_cat","embeddable":true,"href":"https:\/\/marneantic.com\/index.php\/wp-json\/wp\/v2\/product_cat?post=26132"},{"taxonomy":"product_tag","embeddable":true,"href":"https:\/\/marneantic.com\/index.php\/wp-json\/wp\/v2\/product_tag?post=26132"}],"curies":[{"name":"wp","href":"https:\/\/api.w.org\/{rel}","templated":true}]}}