{"id":26147,"date":"2025-05-15T13:07:59","date_gmt":"2025-05-15T12:07:59","guid":{"rendered":"https:\/\/marneantic.com\/?post_type=product&#038;p=26147"},"modified":"2026-04-13T17:20:47","modified_gmt":"2026-04-13T16:20:47","slug":"dessous-de-plat-ancien-en-faience-de-gien-2","status":"publish","type":"product","link":"https:\/\/marneantic.com\/index.php\/produit\/dessous-de-plat-ancien-en-faience-de-gien-2\/","title":{"rendered":"Dessous de plat ancien en fa\u00efence de Gien d\u00e9cor cachemire"},"content":{"rendered":"","protected":false},"excerpt":{"rendered":"<p>Dessous de plat ancien en fa\u00efence de Gien, d\u00e9cor cachemire, en tr\u00e8s bon \u00e9tat, rayures d&rsquo;usage<br \/>\ndimensions totales: 25x25cm, hauteur:3.5cm<\/p>\n","protected":false},"featured_media":26148,"comment_status":"open","ping_status":"closed","template":"","meta":{"_et_pb_use_builder":"","_et_pb_old_content":"","_et_gb_content_width":""},"product_cat":[13,10,30],"product_tag":[],"_links":{"self":[{"href":"https:\/\/marneantic.com\/index.php\/wp-json\/wp\/v2\/product\/26147"}],"collection":[{"href":"https:\/\/marneantic.com\/index.php\/wp-json\/wp\/v2\/product"}],"about":[{"href":"https:\/\/marneantic.com\/index.php\/wp-json\/wp\/v2\/types\/product"}],"replies":[{"embeddable":true,"href":"https:\/\/marneantic.com\/index.php\/wp-json\/wp\/v2\/comments?post=26147"}],"wp:featuredmedia":[{"embeddable":true,"href":"https:\/\/marneantic.com\/index.php\/wp-json\/wp\/v2\/media\/26148"}],"wp:attachment":[{"href":"https:\/\/marneantic.com\/index.php\/wp-json\/wp\/v2\/media?parent=26147"}],"wp:term":[{"taxonomy":"product_cat","embeddable":true,"href":"https:\/\/marneantic.com\/index.php\/wp-json\/wp\/v2\/product_cat?post=26147"},{"taxonomy":"product_tag","embeddable":true,"href":"https:\/\/marneantic.com\/index.php\/wp-json\/wp\/v2\/product_tag?post=26147"}],"curies":[{"name":"wp","href":"https:\/\/api.w.org\/{rel}","templated":true}]}}