{"id":26157,"date":"2025-05-15T13:49:10","date_gmt":"2025-05-15T12:49:10","guid":{"rendered":"https:\/\/marneantic.com\/?post_type=product&#038;p=26157"},"modified":"2025-05-15T14:01:58","modified_gmt":"2025-05-15T13:01:58","slug":"dessous-de-plat-ancien-en-faience-de-gien-3","status":"publish","type":"product","link":"https:\/\/marneantic.com\/index.php\/produit\/dessous-de-plat-ancien-en-faience-de-gien-3\/","title":{"rendered":"Dessous de plat ancien en fa\u00efence de Gien d\u00e9cor cachemire"},"content":{"rendered":"","protected":false},"excerpt":{"rendered":"<p>Dessous de plat ancien en fa\u00efence de Gien, d\u00e9cor cachemire, en tr\u00e8s bon \u00e9tat<br \/>\ndiam\u00e8tre: 21cm, hauteur:2cm<\/p>\n","protected":false},"featured_media":26158,"comment_status":"open","ping_status":"closed","template":"","meta":{"_et_pb_use_builder":"","_et_pb_old_content":"","_et_gb_content_width":""},"product_cat":[13,10],"product_tag":[],"_links":{"self":[{"href":"https:\/\/marneantic.com\/index.php\/wp-json\/wp\/v2\/product\/26157"}],"collection":[{"href":"https:\/\/marneantic.com\/index.php\/wp-json\/wp\/v2\/product"}],"about":[{"href":"https:\/\/marneantic.com\/index.php\/wp-json\/wp\/v2\/types\/product"}],"replies":[{"embeddable":true,"href":"https:\/\/marneantic.com\/index.php\/wp-json\/wp\/v2\/comments?post=26157"}],"wp:featuredmedia":[{"embeddable":true,"href":"https:\/\/marneantic.com\/index.php\/wp-json\/wp\/v2\/media\/26158"}],"wp:attachment":[{"href":"https:\/\/marneantic.com\/index.php\/wp-json\/wp\/v2\/media?parent=26157"}],"wp:term":[{"taxonomy":"product_cat","embeddable":true,"href":"https:\/\/marneantic.com\/index.php\/wp-json\/wp\/v2\/product_cat?post=26157"},{"taxonomy":"product_tag","embeddable":true,"href":"https:\/\/marneantic.com\/index.php\/wp-json\/wp\/v2\/product_tag?post=26157"}],"curies":[{"name":"wp","href":"https:\/\/api.w.org\/{rel}","templated":true}]}}