{"id":26162,"date":"2025-05-15T13:57:06","date_gmt":"2025-05-15T12:57:06","guid":{"rendered":"https:\/\/marneantic.com\/?post_type=product&#038;p=26162"},"modified":"2025-06-02T16:45:39","modified_gmt":"2025-06-02T15:45:39","slug":"plat-a-gateau-ancien-en-faience-de-gien-decor-cachemire","status":"publish","type":"product","link":"https:\/\/marneantic.com\/index.php\/produit\/plat-a-gateau-ancien-en-faience-de-gien-decor-cachemire\/","title":{"rendered":"Plat a g\u00e2teau ancien en fa\u00efence de Gien d\u00e9cor cachemire"},"content":{"rendered":"","protected":false},"excerpt":{"rendered":"<p>Plat a g\u00e2teau ancien en fa\u00efence de Gien d\u00e9cor cachemire, en tr\u00e8s bon \u00e9tat<br \/>\ndiam\u00e8tre: 25.9cm<\/p>\n","protected":false},"featured_media":26163,"comment_status":"open","ping_status":"closed","template":"","meta":{"_et_pb_use_builder":"","_et_pb_old_content":"","_et_gb_content_width":""},"product_cat":[13,10,30],"product_tag":[],"_links":{"self":[{"href":"https:\/\/marneantic.com\/index.php\/wp-json\/wp\/v2\/product\/26162"}],"collection":[{"href":"https:\/\/marneantic.com\/index.php\/wp-json\/wp\/v2\/product"}],"about":[{"href":"https:\/\/marneantic.com\/index.php\/wp-json\/wp\/v2\/types\/product"}],"replies":[{"embeddable":true,"href":"https:\/\/marneantic.com\/index.php\/wp-json\/wp\/v2\/comments?post=26162"}],"wp:featuredmedia":[{"embeddable":true,"href":"https:\/\/marneantic.com\/index.php\/wp-json\/wp\/v2\/media\/26163"}],"wp:attachment":[{"href":"https:\/\/marneantic.com\/index.php\/wp-json\/wp\/v2\/media?parent=26162"}],"wp:term":[{"taxonomy":"product_cat","embeddable":true,"href":"https:\/\/marneantic.com\/index.php\/wp-json\/wp\/v2\/product_cat?post=26162"},{"taxonomy":"product_tag","embeddable":true,"href":"https:\/\/marneantic.com\/index.php\/wp-json\/wp\/v2\/product_tag?post=26162"}],"curies":[{"name":"wp","href":"https:\/\/api.w.org\/{rel}","templated":true}]}}