{"id":26190,"date":"2025-05-20T15:09:05","date_gmt":"2025-05-20T14:09:05","guid":{"rendered":"https:\/\/marneantic.com\/?post_type=product&#038;p=26190"},"modified":"2025-05-20T15:21:03","modified_gmt":"2025-05-20T14:21:03","slug":"tasse-a-cafe-ancienne-en-faience-de-sarregueminedigoin","status":"publish","type":"product","link":"https:\/\/marneantic.com\/index.php\/produit\/tasse-a-cafe-ancienne-en-faience-de-sarregueminedigoin\/","title":{"rendered":"Tasse a caf\u00e9 ancienne en fa\u00efence de Sarreguemine&#038;Digoin"},"content":{"rendered":"","protected":false},"excerpt":{"rendered":"<p>Tasse a caf\u00e9 ancienne en fa\u00efence de Sarreguemine&amp;Digoin, en tr\u00e8s bon \u00e9tat, tasse hauteur:5cm,diametre:5cm,diam\u00e8tre soucoupe:10.9cm<\/p>\n","protected":false},"featured_media":26191,"comment_status":"closed","ping_status":"closed","template":"","meta":{"_et_pb_use_builder":"","_et_pb_old_content":"","_et_gb_content_width":""},"product_cat":[26,7],"product_tag":[],"_links":{"self":[{"href":"https:\/\/marneantic.com\/index.php\/wp-json\/wp\/v2\/product\/26190"}],"collection":[{"href":"https:\/\/marneantic.com\/index.php\/wp-json\/wp\/v2\/product"}],"about":[{"href":"https:\/\/marneantic.com\/index.php\/wp-json\/wp\/v2\/types\/product"}],"replies":[{"embeddable":true,"href":"https:\/\/marneantic.com\/index.php\/wp-json\/wp\/v2\/comments?post=26190"}],"wp:featuredmedia":[{"embeddable":true,"href":"https:\/\/marneantic.com\/index.php\/wp-json\/wp\/v2\/media\/26191"}],"wp:attachment":[{"href":"https:\/\/marneantic.com\/index.php\/wp-json\/wp\/v2\/media?parent=26190"}],"wp:term":[{"taxonomy":"product_cat","embeddable":true,"href":"https:\/\/marneantic.com\/index.php\/wp-json\/wp\/v2\/product_cat?post=26190"},{"taxonomy":"product_tag","embeddable":true,"href":"https:\/\/marneantic.com\/index.php\/wp-json\/wp\/v2\/product_tag?post=26190"}],"curies":[{"name":"wp","href":"https:\/\/api.w.org\/{rel}","templated":true}]}}