{"id":2620,"date":"2016-11-19T16:51:35","date_gmt":"2016-11-19T15:51:35","guid":{"rendered":"http:\/\/marneantic.com\/?post_type=product&#038;p=2620"},"modified":"2016-11-19T16:51:35","modified_gmt":"2016-11-19T15:51:35","slug":"sucrierconfiturier-art-nouveau-metal-argente","status":"publish","type":"product","link":"https:\/\/marneantic.com\/index.php\/produit\/sucrierconfiturier-art-nouveau-metal-argente\/","title":{"rendered":"Sucrier\/confiturier art-nouveau m\u00e9tal argent\u00e9"},"content":{"rendered":"","protected":false},"excerpt":{"rendered":"<p>Sucrier\/confiturier art-nouveau en m\u00e9tal argent\u00e9 poin\u00e7onn\u00e9 et verre(le bol en verre est amovible)d\u00e9cor de feuille de vignes,en parfait \u00e9tat,hauteur avec poign\u00e9e:20cm,diametre:11cm<\/p>\n","protected":false},"featured_media":2621,"comment_status":"closed","ping_status":"closed","template":"","meta":{"_et_pb_use_builder":"","_et_pb_old_content":"","_et_gb_content_width":""},"product_cat":[13,12,10],"product_tag":[],"_links":{"self":[{"href":"https:\/\/marneantic.com\/index.php\/wp-json\/wp\/v2\/product\/2620"}],"collection":[{"href":"https:\/\/marneantic.com\/index.php\/wp-json\/wp\/v2\/product"}],"about":[{"href":"https:\/\/marneantic.com\/index.php\/wp-json\/wp\/v2\/types\/product"}],"replies":[{"embeddable":true,"href":"https:\/\/marneantic.com\/index.php\/wp-json\/wp\/v2\/comments?post=2620"}],"wp:featuredmedia":[{"embeddable":true,"href":"https:\/\/marneantic.com\/index.php\/wp-json\/wp\/v2\/media\/2621"}],"wp:attachment":[{"href":"https:\/\/marneantic.com\/index.php\/wp-json\/wp\/v2\/media?parent=2620"}],"wp:term":[{"taxonomy":"product_cat","embeddable":true,"href":"https:\/\/marneantic.com\/index.php\/wp-json\/wp\/v2\/product_cat?post=2620"},{"taxonomy":"product_tag","embeddable":true,"href":"https:\/\/marneantic.com\/index.php\/wp-json\/wp\/v2\/product_tag?post=2620"}],"curies":[{"name":"wp","href":"https:\/\/api.w.org\/{rel}","templated":true}]}}