{"id":26203,"date":"2025-05-21T13:54:06","date_gmt":"2025-05-21T12:54:06","guid":{"rendered":"https:\/\/marneantic.com\/?post_type=product&#038;p=26203"},"modified":"2025-08-28T15:25:28","modified_gmt":"2025-08-28T14:25:28","slug":"tasse-a-cafe-art-deco-ancienne-en-porcelaine-de-limoges-7","status":"publish","type":"product","link":"https:\/\/marneantic.com\/index.php\/produit\/tasse-a-cafe-art-deco-ancienne-en-porcelaine-de-limoges-7\/","title":{"rendered":"Tasse a caf\u00e9 art d\u00e9co ancienne en porcelaine de Limoges"},"content":{"rendered":"","protected":false},"excerpt":{"rendered":"<p>Tasse a caf\u00e9 art d\u00e9co ancienne en porcelaine de Limoges, manufacture TLB, en tr\u00e8s bon \u00e9tat, tasse hauteur:6.2cm, diametre:7.2cm, diam\u00e8tre soucoupe:13.3cm<\/p>\n","protected":false},"featured_media":26204,"comment_status":"closed","ping_status":"closed","template":"","meta":{"_et_pb_use_builder":"","_et_pb_old_content":"","_et_gb_content_width":""},"product_cat":[44,26,7,30],"product_tag":[],"_links":{"self":[{"href":"https:\/\/marneantic.com\/index.php\/wp-json\/wp\/v2\/product\/26203"}],"collection":[{"href":"https:\/\/marneantic.com\/index.php\/wp-json\/wp\/v2\/product"}],"about":[{"href":"https:\/\/marneantic.com\/index.php\/wp-json\/wp\/v2\/types\/product"}],"replies":[{"embeddable":true,"href":"https:\/\/marneantic.com\/index.php\/wp-json\/wp\/v2\/comments?post=26203"}],"wp:featuredmedia":[{"embeddable":true,"href":"https:\/\/marneantic.com\/index.php\/wp-json\/wp\/v2\/media\/26204"}],"wp:attachment":[{"href":"https:\/\/marneantic.com\/index.php\/wp-json\/wp\/v2\/media?parent=26203"}],"wp:term":[{"taxonomy":"product_cat","embeddable":true,"href":"https:\/\/marneantic.com\/index.php\/wp-json\/wp\/v2\/product_cat?post=26203"},{"taxonomy":"product_tag","embeddable":true,"href":"https:\/\/marneantic.com\/index.php\/wp-json\/wp\/v2\/product_tag?post=26203"}],"curies":[{"name":"wp","href":"https:\/\/api.w.org\/{rel}","templated":true}]}}