{"id":26234,"date":"2025-05-22T10:59:01","date_gmt":"2025-05-22T09:59:01","guid":{"rendered":"https:\/\/marneantic.com\/?post_type=product&#038;p=26234"},"modified":"2025-05-22T11:08:23","modified_gmt":"2025-05-22T10:08:23","slug":"torchon-ancien-brode","status":"publish","type":"product","link":"https:\/\/marneantic.com\/index.php\/produit\/torchon-ancien-brode\/","title":{"rendered":"Torchon ancien brod\u00e9"},"content":{"rendered":"","protected":false},"excerpt":{"rendered":"<p>torchon ancien avec broderie de jours, couleur \u00e9cru, dimensions:67x67cm, en tr\u00e8s bon \u00e9tat, sortis d&rsquo;armoire ancienne, a lav\u00e9<\/p>\n","protected":false},"featured_media":26236,"comment_status":"open","ping_status":"closed","template":"","meta":{"_et_pb_use_builder":"","_et_pb_old_content":"","_et_gb_content_width":""},"product_cat":[33],"product_tag":[],"_links":{"self":[{"href":"https:\/\/marneantic.com\/index.php\/wp-json\/wp\/v2\/product\/26234"}],"collection":[{"href":"https:\/\/marneantic.com\/index.php\/wp-json\/wp\/v2\/product"}],"about":[{"href":"https:\/\/marneantic.com\/index.php\/wp-json\/wp\/v2\/types\/product"}],"replies":[{"embeddable":true,"href":"https:\/\/marneantic.com\/index.php\/wp-json\/wp\/v2\/comments?post=26234"}],"wp:featuredmedia":[{"embeddable":true,"href":"https:\/\/marneantic.com\/index.php\/wp-json\/wp\/v2\/media\/26236"}],"wp:attachment":[{"href":"https:\/\/marneantic.com\/index.php\/wp-json\/wp\/v2\/media?parent=26234"}],"wp:term":[{"taxonomy":"product_cat","embeddable":true,"href":"https:\/\/marneantic.com\/index.php\/wp-json\/wp\/v2\/product_cat?post=26234"},{"taxonomy":"product_tag","embeddable":true,"href":"https:\/\/marneantic.com\/index.php\/wp-json\/wp\/v2\/product_tag?post=26234"}],"curies":[{"name":"wp","href":"https:\/\/api.w.org\/{rel}","templated":true}]}}