{"id":26250,"date":"2025-05-23T14:03:49","date_gmt":"2025-05-23T13:03:49","guid":{"rendered":"https:\/\/marneantic.com\/?post_type=product&#038;p=26250"},"modified":"2026-01-02T08:28:18","modified_gmt":"2026-01-02T07:28:18","slug":"paire-de-coupelles-a-sauce-anciennes-en-metal-argente-et-verre","status":"publish","type":"product","link":"https:\/\/marneantic.com\/index.php\/produit\/paire-de-coupelles-a-sauce-anciennes-en-metal-argente-et-verre\/","title":{"rendered":"Paire de coupelles a sauce anciennes en m\u00e9tal argent\u00e9 et verre"},"content":{"rendered":"","protected":false},"excerpt":{"rendered":"<p>Paire de coupelles a sauce(huitres) anciennes en m\u00e9tal argent\u00e9 et verre, en bon \u00e9tat(traces d&rsquo;oxydation dues au vinaigre en fond de coupe et au dessous) longueur:16cm, largeur: 8cm, hauteur: 2.5cm<\/p>\n","protected":false},"featured_media":26251,"comment_status":"open","ping_status":"closed","template":"","meta":{"_et_pb_use_builder":"","_et_pb_old_content":"","_et_gb_content_width":""},"product_cat":[12,10,30,11],"product_tag":[],"_links":{"self":[{"href":"https:\/\/marneantic.com\/index.php\/wp-json\/wp\/v2\/product\/26250"}],"collection":[{"href":"https:\/\/marneantic.com\/index.php\/wp-json\/wp\/v2\/product"}],"about":[{"href":"https:\/\/marneantic.com\/index.php\/wp-json\/wp\/v2\/types\/product"}],"replies":[{"embeddable":true,"href":"https:\/\/marneantic.com\/index.php\/wp-json\/wp\/v2\/comments?post=26250"}],"wp:featuredmedia":[{"embeddable":true,"href":"https:\/\/marneantic.com\/index.php\/wp-json\/wp\/v2\/media\/26251"}],"wp:attachment":[{"href":"https:\/\/marneantic.com\/index.php\/wp-json\/wp\/v2\/media?parent=26250"}],"wp:term":[{"taxonomy":"product_cat","embeddable":true,"href":"https:\/\/marneantic.com\/index.php\/wp-json\/wp\/v2\/product_cat?post=26250"},{"taxonomy":"product_tag","embeddable":true,"href":"https:\/\/marneantic.com\/index.php\/wp-json\/wp\/v2\/product_tag?post=26250"}],"curies":[{"name":"wp","href":"https:\/\/api.w.org\/{rel}","templated":true}]}}