{"id":26260,"date":"2025-05-23T15:03:35","date_gmt":"2025-05-23T14:03:35","guid":{"rendered":"https:\/\/marneantic.com\/?post_type=product&#038;p=26260"},"modified":"2025-07-09T16:21:41","modified_gmt":"2025-07-09T15:21:41","slug":"tasse-a-the-ancienne-en-porcelaine-de-saxe","status":"publish","type":"product","link":"https:\/\/marneantic.com\/index.php\/produit\/tasse-a-the-ancienne-en-porcelaine-de-saxe\/","title":{"rendered":"Tasse a th\u00e9 ancienne en porcelaine de Saxe"},"content":{"rendered":"","protected":false},"excerpt":{"rendered":"<p><strong>Tasse a th\u00e9 ancienne en porcelaine de Saxe &#8211; d\u00e9cor romantique en fond de tasse, en tr\u00e8s bon \u00e9tat, tasse hauteur:5.9cm,diametre:10.1cm,diam\u00e8tre soucoupe:14.2cm<\/strong><\/p>\n","protected":false},"featured_media":26264,"comment_status":"closed","ping_status":"closed","template":"","meta":{"_et_pb_use_builder":"","_et_pb_old_content":"","_et_gb_content_width":""},"product_cat":[26,7,30],"product_tag":[],"_links":{"self":[{"href":"https:\/\/marneantic.com\/index.php\/wp-json\/wp\/v2\/product\/26260"}],"collection":[{"href":"https:\/\/marneantic.com\/index.php\/wp-json\/wp\/v2\/product"}],"about":[{"href":"https:\/\/marneantic.com\/index.php\/wp-json\/wp\/v2\/types\/product"}],"replies":[{"embeddable":true,"href":"https:\/\/marneantic.com\/index.php\/wp-json\/wp\/v2\/comments?post=26260"}],"wp:featuredmedia":[{"embeddable":true,"href":"https:\/\/marneantic.com\/index.php\/wp-json\/wp\/v2\/media\/26264"}],"wp:attachment":[{"href":"https:\/\/marneantic.com\/index.php\/wp-json\/wp\/v2\/media?parent=26260"}],"wp:term":[{"taxonomy":"product_cat","embeddable":true,"href":"https:\/\/marneantic.com\/index.php\/wp-json\/wp\/v2\/product_cat?post=26260"},{"taxonomy":"product_tag","embeddable":true,"href":"https:\/\/marneantic.com\/index.php\/wp-json\/wp\/v2\/product_tag?post=26260"}],"curies":[{"name":"wp","href":"https:\/\/api.w.org\/{rel}","templated":true}]}}