{"id":26265,"date":"2025-05-28T13:48:28","date_gmt":"2025-05-28T12:48:28","guid":{"rendered":"https:\/\/marneantic.com\/?post_type=product&#038;p=26265"},"modified":"2025-08-05T17:51:09","modified_gmt":"2025-08-05T16:51:09","slug":"nappe-ancienne-brodee-145x215cm","status":"publish","type":"product","link":"https:\/\/marneantic.com\/index.php\/produit\/nappe-ancienne-brodee-145x215cm\/","title":{"rendered":"Nappe ancienne brod\u00e9e 145x215cm"},"content":{"rendered":"","protected":false},"excerpt":{"rendered":"<p><span style=\"font-family: Arial;\">Nappe ancienne brod\u00e9e en tr\u00e8s bon \u00e9tat, linge lav\u00e9 et repass\u00e9, il peut n\u00e9anmoins subsister des petites taches qui auraient \u00e9chapp\u00e9es a notre lavage., dimensions:215 x145cm<\/span><\/p>\n<div><\/div>\n","protected":false},"featured_media":26266,"comment_status":"open","ping_status":"closed","template":"","meta":{"_et_pb_use_builder":"","_et_pb_old_content":"","_et_gb_content_width":""},"product_cat":[33,30],"product_tag":[],"_links":{"self":[{"href":"https:\/\/marneantic.com\/index.php\/wp-json\/wp\/v2\/product\/26265"}],"collection":[{"href":"https:\/\/marneantic.com\/index.php\/wp-json\/wp\/v2\/product"}],"about":[{"href":"https:\/\/marneantic.com\/index.php\/wp-json\/wp\/v2\/types\/product"}],"replies":[{"embeddable":true,"href":"https:\/\/marneantic.com\/index.php\/wp-json\/wp\/v2\/comments?post=26265"}],"wp:featuredmedia":[{"embeddable":true,"href":"https:\/\/marneantic.com\/index.php\/wp-json\/wp\/v2\/media\/26266"}],"wp:attachment":[{"href":"https:\/\/marneantic.com\/index.php\/wp-json\/wp\/v2\/media?parent=26265"}],"wp:term":[{"taxonomy":"product_cat","embeddable":true,"href":"https:\/\/marneantic.com\/index.php\/wp-json\/wp\/v2\/product_cat?post=26265"},{"taxonomy":"product_tag","embeddable":true,"href":"https:\/\/marneantic.com\/index.php\/wp-json\/wp\/v2\/product_tag?post=26265"}],"curies":[{"name":"wp","href":"https:\/\/api.w.org\/{rel}","templated":true}]}}