{"id":26269,"date":"2025-05-28T14:10:08","date_gmt":"2025-05-28T13:10:08","guid":{"rendered":"https:\/\/marneantic.com\/?post_type=product&#038;p=26269"},"modified":"2025-05-28T14:16:29","modified_gmt":"2025-05-28T13:16:29","slug":"timbale-ancienne-en-metal-argente-7","status":"publish","type":"product","link":"https:\/\/marneantic.com\/index.php\/produit\/timbale-ancienne-en-metal-argente-7\/","title":{"rendered":"Timbale ancienne en m\u00e9tal argent\u00e9"},"content":{"rendered":"","protected":false},"excerpt":{"rendered":"<p>Timbale ancienne en m\u00e9tal argent\u00e9 &#8211; orf\u00e8vrerie A.FRENAIS, en bon \u00e9tat, usure en fon de pi\u00e8ce et une petite bosse au socle (voir photos), hauteur:7.6cm, diametre:7.1cm<\/p>\n","protected":false},"featured_media":26270,"comment_status":"closed","ping_status":"closed","template":"","meta":{"_et_pb_use_builder":"","_et_pb_old_content":"","_et_gb_content_width":""},"product_cat":[13,12,10],"product_tag":[],"_links":{"self":[{"href":"https:\/\/marneantic.com\/index.php\/wp-json\/wp\/v2\/product\/26269"}],"collection":[{"href":"https:\/\/marneantic.com\/index.php\/wp-json\/wp\/v2\/product"}],"about":[{"href":"https:\/\/marneantic.com\/index.php\/wp-json\/wp\/v2\/types\/product"}],"replies":[{"embeddable":true,"href":"https:\/\/marneantic.com\/index.php\/wp-json\/wp\/v2\/comments?post=26269"}],"wp:featuredmedia":[{"embeddable":true,"href":"https:\/\/marneantic.com\/index.php\/wp-json\/wp\/v2\/media\/26270"}],"wp:attachment":[{"href":"https:\/\/marneantic.com\/index.php\/wp-json\/wp\/v2\/media?parent=26269"}],"wp:term":[{"taxonomy":"product_cat","embeddable":true,"href":"https:\/\/marneantic.com\/index.php\/wp-json\/wp\/v2\/product_cat?post=26269"},{"taxonomy":"product_tag","embeddable":true,"href":"https:\/\/marneantic.com\/index.php\/wp-json\/wp\/v2\/product_tag?post=26269"}],"curies":[{"name":"wp","href":"https:\/\/api.w.org\/{rel}","templated":true}]}}