{"id":26279,"date":"2025-05-28T15:25:37","date_gmt":"2025-05-28T14:25:37","guid":{"rendered":"https:\/\/marneantic.com\/?post_type=product&#038;p=26279"},"modified":"2025-07-23T07:45:13","modified_gmt":"2025-07-23T06:45:13","slug":"plafonnier-boule-art-deco-en-opaline","status":"publish","type":"product","link":"https:\/\/marneantic.com\/index.php\/produit\/plafonnier-boule-art-deco-en-opaline\/","title":{"rendered":"Plafonnier boule art d\u00e9co en opaline"},"content":{"rendered":"","protected":false},"excerpt":{"rendered":"<p>Plafonnier boule art d\u00e9co en opaline avec base en aluminium, en bon\u00a0\u00e9tat, \u00e9lectricit\u00e9 refaite, test\u00e9e, fonctionne parfaitement, hauteur totale:23cm, diam\u00e8tre: 20cm, fournie sans ampoule(ba\u00efonnette)<\/p>\n","protected":false},"featured_media":26280,"comment_status":"closed","ping_status":"closed","template":"","meta":{"_et_pb_use_builder":"","_et_pb_old_content":"","_et_gb_content_width":""},"product_cat":[44,24,16,30],"product_tag":[],"_links":{"self":[{"href":"https:\/\/marneantic.com\/index.php\/wp-json\/wp\/v2\/product\/26279"}],"collection":[{"href":"https:\/\/marneantic.com\/index.php\/wp-json\/wp\/v2\/product"}],"about":[{"href":"https:\/\/marneantic.com\/index.php\/wp-json\/wp\/v2\/types\/product"}],"replies":[{"embeddable":true,"href":"https:\/\/marneantic.com\/index.php\/wp-json\/wp\/v2\/comments?post=26279"}],"wp:featuredmedia":[{"embeddable":true,"href":"https:\/\/marneantic.com\/index.php\/wp-json\/wp\/v2\/media\/26280"}],"wp:attachment":[{"href":"https:\/\/marneantic.com\/index.php\/wp-json\/wp\/v2\/media?parent=26279"}],"wp:term":[{"taxonomy":"product_cat","embeddable":true,"href":"https:\/\/marneantic.com\/index.php\/wp-json\/wp\/v2\/product_cat?post=26279"},{"taxonomy":"product_tag","embeddable":true,"href":"https:\/\/marneantic.com\/index.php\/wp-json\/wp\/v2\/product_tag?post=26279"}],"curies":[{"name":"wp","href":"https:\/\/api.w.org\/{rel}","templated":true}]}}