{"id":26283,"date":"2025-05-28T15:38:04","date_gmt":"2025-05-28T14:38:04","guid":{"rendered":"https:\/\/marneantic.com\/?post_type=product&#038;p=26283"},"modified":"2025-06-27T10:14:23","modified_gmt":"2025-06-27T09:14:23","slug":"vase-en-ceramique-pointu-art-deco-decor-signe-geo-p","status":"publish","type":"product","link":"https:\/\/marneantic.com\/index.php\/produit\/vase-en-ceramique-pointu-art-deco-decor-signe-geo-p\/","title":{"rendered":"Vase en c\u00e9ramique pointu art d\u00e9co, d\u00e9cor sign\u00e9 Geo P"},"content":{"rendered":"","protected":false},"excerpt":{"rendered":"<p><span style=\"font-family: Arial; font-size: large;\"><b>Vase en c\u00e9ramique pointu art d\u00e9co, d\u00e9cor sign\u00e9 Geo P<\/b><br \/>\n<\/span><\/p>\n<div><b><span style=\"font-family: Arial; font-size: large;\">parfait \u00e9tat<\/span><\/b><\/div>\n<div>\n<div><b><span style=\"font-family: Arial; font-size: large;\">hauteur: 18cm<\/span><\/b><\/div>\n<\/div>\n<div><b><span style=\"font-family: Arial; font-size: large;\">diam\u00e8tre: 13cm<\/span><\/b><\/div>\n","protected":false},"featured_media":26284,"comment_status":"closed","ping_status":"closed","template":"","meta":{"_et_pb_use_builder":"","_et_pb_old_content":"","_et_gb_content_width":""},"product_cat":[44,14,8,30],"product_tag":[],"_links":{"self":[{"href":"https:\/\/marneantic.com\/index.php\/wp-json\/wp\/v2\/product\/26283"}],"collection":[{"href":"https:\/\/marneantic.com\/index.php\/wp-json\/wp\/v2\/product"}],"about":[{"href":"https:\/\/marneantic.com\/index.php\/wp-json\/wp\/v2\/types\/product"}],"replies":[{"embeddable":true,"href":"https:\/\/marneantic.com\/index.php\/wp-json\/wp\/v2\/comments?post=26283"}],"wp:featuredmedia":[{"embeddable":true,"href":"https:\/\/marneantic.com\/index.php\/wp-json\/wp\/v2\/media\/26284"}],"wp:attachment":[{"href":"https:\/\/marneantic.com\/index.php\/wp-json\/wp\/v2\/media?parent=26283"}],"wp:term":[{"taxonomy":"product_cat","embeddable":true,"href":"https:\/\/marneantic.com\/index.php\/wp-json\/wp\/v2\/product_cat?post=26283"},{"taxonomy":"product_tag","embeddable":true,"href":"https:\/\/marneantic.com\/index.php\/wp-json\/wp\/v2\/product_tag?post=26283"}],"curies":[{"name":"wp","href":"https:\/\/api.w.org\/{rel}","templated":true}]}}