{"id":2629,"date":"2016-11-20T15:36:49","date_gmt":"2016-11-20T14:36:49","guid":{"rendered":"http:\/\/marneantic.com\/index.php\/produit\/bonbonniere-ancienne-en-porcelaine\/"},"modified":"2016-11-20T15:44:57","modified_gmt":"2016-11-20T14:44:57","slug":"bonbonniere-ancienne-en-porcelaine","status":"publish","type":"product","link":"https:\/\/marneantic.com\/index.php\/produit\/bonbonniere-ancienne-en-porcelaine\/","title":{"rendered":"Bonbonni\u00e8re ancienne en porcelaine"},"content":{"rendered":"","protected":false},"excerpt":{"rendered":"<p>Bonbonni\u00e8re ancienne en porcelaine,signature a identifier,d\u00e9cor romantique,longueur:7.8cm,largeur:7.8cm,hauteur:4.3cm,en tr\u00e8s bon \u00e9tat<\/p>\n","protected":false},"featured_media":2630,"comment_status":"closed","ping_status":"closed","template":"","meta":{"_et_pb_use_builder":"","_et_pb_old_content":"","_et_gb_content_width":""},"product_cat":[14],"product_tag":[],"_links":{"self":[{"href":"https:\/\/marneantic.com\/index.php\/wp-json\/wp\/v2\/product\/2629"}],"collection":[{"href":"https:\/\/marneantic.com\/index.php\/wp-json\/wp\/v2\/product"}],"about":[{"href":"https:\/\/marneantic.com\/index.php\/wp-json\/wp\/v2\/types\/product"}],"replies":[{"embeddable":true,"href":"https:\/\/marneantic.com\/index.php\/wp-json\/wp\/v2\/comments?post=2629"}],"wp:featuredmedia":[{"embeddable":true,"href":"https:\/\/marneantic.com\/index.php\/wp-json\/wp\/v2\/media\/2630"}],"wp:attachment":[{"href":"https:\/\/marneantic.com\/index.php\/wp-json\/wp\/v2\/media?parent=2629"}],"wp:term":[{"taxonomy":"product_cat","embeddable":true,"href":"https:\/\/marneantic.com\/index.php\/wp-json\/wp\/v2\/product_cat?post=2629"},{"taxonomy":"product_tag","embeddable":true,"href":"https:\/\/marneantic.com\/index.php\/wp-json\/wp\/v2\/product_tag?post=2629"}],"curies":[{"name":"wp","href":"https:\/\/api.w.org\/{rel}","templated":true}]}}