{"id":26296,"date":"2025-05-30T13:25:50","date_gmt":"2025-05-30T12:25:50","guid":{"rendered":"https:\/\/marneantic.com\/?post_type=product&#038;p=26296"},"modified":"2025-05-30T13:34:07","modified_gmt":"2025-05-30T12:34:07","slug":"reveil-mecanique-vintage-1970","status":"publish","type":"product","link":"https:\/\/marneantic.com\/index.php\/produit\/reveil-mecanique-vintage-1970\/","title":{"rendered":"R\u00e9veil m\u00e9canique vintage &#8211; 1970"},"content":{"rendered":"","protected":false},"excerpt":{"rendered":"<p><strong>R\u00e9veil m\u00e9canique vintage &#8211; 1970 &#8211; Shanghai China<\/strong><\/p>\n<div><strong>m\u00e9canique<\/strong><\/div>\n<div><strong>en parfait \u00e9tat<\/strong><\/div>\n<div><strong>fonctionne parfaitement, l&rsquo;h\u00e9lice fait office de trotteuse<\/strong><\/div>\n<div><strong>largeur: 10.2cm<\/strong><\/div>\n<div><strong>hauteur: 13cm<\/strong><\/div>\n<div><strong>profondeur: 5.3cm<\/strong><\/div>\n","protected":false},"featured_media":26297,"comment_status":"closed","ping_status":"closed","template":"","meta":{"_et_pb_use_builder":"","_et_pb_old_content":"","_et_gb_content_width":""},"product_cat":[18,16],"product_tag":[],"_links":{"self":[{"href":"https:\/\/marneantic.com\/index.php\/wp-json\/wp\/v2\/product\/26296"}],"collection":[{"href":"https:\/\/marneantic.com\/index.php\/wp-json\/wp\/v2\/product"}],"about":[{"href":"https:\/\/marneantic.com\/index.php\/wp-json\/wp\/v2\/types\/product"}],"replies":[{"embeddable":true,"href":"https:\/\/marneantic.com\/index.php\/wp-json\/wp\/v2\/comments?post=26296"}],"wp:featuredmedia":[{"embeddable":true,"href":"https:\/\/marneantic.com\/index.php\/wp-json\/wp\/v2\/media\/26297"}],"wp:attachment":[{"href":"https:\/\/marneantic.com\/index.php\/wp-json\/wp\/v2\/media?parent=26296"}],"wp:term":[{"taxonomy":"product_cat","embeddable":true,"href":"https:\/\/marneantic.com\/index.php\/wp-json\/wp\/v2\/product_cat?post=26296"},{"taxonomy":"product_tag","embeddable":true,"href":"https:\/\/marneantic.com\/index.php\/wp-json\/wp\/v2\/product_tag?post=26296"}],"curies":[{"name":"wp","href":"https:\/\/api.w.org\/{rel}","templated":true}]}}