{"id":26331,"date":"2025-06-03T15:38:41","date_gmt":"2025-06-03T14:38:41","guid":{"rendered":"https:\/\/marneantic.com\/?post_type=product&#038;p=26331"},"modified":"2025-06-03T15:42:15","modified_gmt":"2025-06-03T14:42:15","slug":"porte-brosse-couvert-ancien-en-faience","status":"publish","type":"product","link":"https:\/\/marneantic.com\/index.php\/produit\/porte-brosse-couvert-ancien-en-faience\/","title":{"rendered":"Porte-brosse couvert ancien en fa\u00efence"},"content":{"rendered":"","protected":false},"excerpt":{"rendered":"<p>Porte-brosse couvert ancien en fa\u00efence, d\u00e9cor mod\u00e8le Empire, en tr\u00e8s bon \u00e9tat, longueur:23cm, largeur:9.7cm, hauteur totale:6.5cm<\/p>\n","protected":false},"featured_media":26332,"comment_status":"closed","ping_status":"closed","template":"","meta":{"_et_pb_use_builder":"","_et_pb_old_content":"","_et_gb_content_width":""},"product_cat":[8],"product_tag":[],"_links":{"self":[{"href":"https:\/\/marneantic.com\/index.php\/wp-json\/wp\/v2\/product\/26331"}],"collection":[{"href":"https:\/\/marneantic.com\/index.php\/wp-json\/wp\/v2\/product"}],"about":[{"href":"https:\/\/marneantic.com\/index.php\/wp-json\/wp\/v2\/types\/product"}],"replies":[{"embeddable":true,"href":"https:\/\/marneantic.com\/index.php\/wp-json\/wp\/v2\/comments?post=26331"}],"wp:featuredmedia":[{"embeddable":true,"href":"https:\/\/marneantic.com\/index.php\/wp-json\/wp\/v2\/media\/26332"}],"wp:attachment":[{"href":"https:\/\/marneantic.com\/index.php\/wp-json\/wp\/v2\/media?parent=26331"}],"wp:term":[{"taxonomy":"product_cat","embeddable":true,"href":"https:\/\/marneantic.com\/index.php\/wp-json\/wp\/v2\/product_cat?post=26331"},{"taxonomy":"product_tag","embeddable":true,"href":"https:\/\/marneantic.com\/index.php\/wp-json\/wp\/v2\/product_tag?post=26331"}],"curies":[{"name":"wp","href":"https:\/\/api.w.org\/{rel}","templated":true}]}}