{"id":26353,"date":"2025-06-04T14:15:02","date_gmt":"2025-06-04T13:15:02","guid":{"rendered":"https:\/\/marneantic.com\/?post_type=product&#038;p=26353"},"modified":"2025-06-04T14:21:59","modified_gmt":"2025-06-04T13:21:59","slug":"porte-savon-couvert-ancien-en-faience","status":"publish","type":"product","link":"https:\/\/marneantic.com\/index.php\/produit\/porte-savon-couvert-ancien-en-faience\/","title":{"rendered":"Porte savon couvert ancien en fa\u00efence"},"content":{"rendered":"","protected":false},"excerpt":{"rendered":"<p>Porte savon couvert ancien en fa\u00efence, en bon \u00e9tat( a signaler 3 petits \u00e9clats d&rsquo;\u00e9mail au dessous et un f\u00eale a la poign\u00e9e, voir photos), longueur:15cm, largeur:11cm, hauteur totale:7cm<\/p>\n","protected":false},"featured_media":26354,"comment_status":"closed","ping_status":"closed","template":"","meta":{"_et_pb_use_builder":"","_et_pb_old_content":"","_et_gb_content_width":""},"product_cat":[8],"product_tag":[],"_links":{"self":[{"href":"https:\/\/marneantic.com\/index.php\/wp-json\/wp\/v2\/product\/26353"}],"collection":[{"href":"https:\/\/marneantic.com\/index.php\/wp-json\/wp\/v2\/product"}],"about":[{"href":"https:\/\/marneantic.com\/index.php\/wp-json\/wp\/v2\/types\/product"}],"replies":[{"embeddable":true,"href":"https:\/\/marneantic.com\/index.php\/wp-json\/wp\/v2\/comments?post=26353"}],"wp:featuredmedia":[{"embeddable":true,"href":"https:\/\/marneantic.com\/index.php\/wp-json\/wp\/v2\/media\/26354"}],"wp:attachment":[{"href":"https:\/\/marneantic.com\/index.php\/wp-json\/wp\/v2\/media?parent=26353"}],"wp:term":[{"taxonomy":"product_cat","embeddable":true,"href":"https:\/\/marneantic.com\/index.php\/wp-json\/wp\/v2\/product_cat?post=26353"},{"taxonomy":"product_tag","embeddable":true,"href":"https:\/\/marneantic.com\/index.php\/wp-json\/wp\/v2\/product_tag?post=26353"}],"curies":[{"name":"wp","href":"https:\/\/api.w.org\/{rel}","templated":true}]}}