{"id":26368,"date":"2025-06-04T14:59:31","date_gmt":"2025-06-04T13:59:31","guid":{"rendered":"https:\/\/marneantic.com\/?post_type=product&#038;p=26368"},"modified":"2025-06-05T14:38:54","modified_gmt":"2025-06-05T13:38:54","slug":"petit-bol-ancien-en-faience-2","status":"publish","type":"product","link":"https:\/\/marneantic.com\/index.php\/produit\/petit-bol-ancien-en-faience-2\/","title":{"rendered":"Petit bol ancien en fa\u00efence"},"content":{"rendered":"","protected":false},"excerpt":{"rendered":"<div><strong>petit bol ancien en fa\u00efence, en tr\u00e8s bon \u00e9tat<\/strong><\/div>\n<div><strong>Diam\u00e8tre: 10.8 cm<\/strong><\/div>\n<div><strong>Hauteur: 5.5 cm<\/strong><\/div>\n","protected":false},"featured_media":26369,"comment_status":"open","ping_status":"closed","template":"","meta":{"_et_pb_use_builder":"","_et_pb_old_content":"","_et_gb_content_width":""},"product_cat":[26,7],"product_tag":[],"_links":{"self":[{"href":"https:\/\/marneantic.com\/index.php\/wp-json\/wp\/v2\/product\/26368"}],"collection":[{"href":"https:\/\/marneantic.com\/index.php\/wp-json\/wp\/v2\/product"}],"about":[{"href":"https:\/\/marneantic.com\/index.php\/wp-json\/wp\/v2\/types\/product"}],"replies":[{"embeddable":true,"href":"https:\/\/marneantic.com\/index.php\/wp-json\/wp\/v2\/comments?post=26368"}],"wp:featuredmedia":[{"embeddable":true,"href":"https:\/\/marneantic.com\/index.php\/wp-json\/wp\/v2\/media\/26369"}],"wp:attachment":[{"href":"https:\/\/marneantic.com\/index.php\/wp-json\/wp\/v2\/media?parent=26368"}],"wp:term":[{"taxonomy":"product_cat","embeddable":true,"href":"https:\/\/marneantic.com\/index.php\/wp-json\/wp\/v2\/product_cat?post=26368"},{"taxonomy":"product_tag","embeddable":true,"href":"https:\/\/marneantic.com\/index.php\/wp-json\/wp\/v2\/product_tag?post=26368"}],"curies":[{"name":"wp","href":"https:\/\/api.w.org\/{rel}","templated":true}]}}