{"id":26377,"date":"2025-06-05T13:04:59","date_gmt":"2025-06-05T12:04:59","guid":{"rendered":"https:\/\/marneantic.com\/?post_type=product&#038;p=26377"},"modified":"2025-06-05T13:23:55","modified_gmt":"2025-06-05T12:23:55","slug":"12-serviettes-a-a-the-anciennes-brodees-28x28cm","status":"publish","type":"product","link":"https:\/\/marneantic.com\/index.php\/produit\/12-serviettes-a-a-the-anciennes-brodees-28x28cm\/","title":{"rendered":"12 serviettes a a th\u00e9 anciennes brod\u00e9es 28x28cm"},"content":{"rendered":"","protected":false},"excerpt":{"rendered":"<p><span style=\"font-family: Arial;\">12 serviettes a a th\u00e9 anciennes brod\u00e9es ( sauf une qui n&rsquo;a pas \u00e9t\u00e9 brod\u00e9e, voir photo), en tr\u00e8s bon \u00e9tat, linge lav\u00e9 et repass\u00e9, il peut n\u00e9anmoins subsister des petites taches qui auraient \u00e9chapp\u00e9es a notre lavage., dimensions:28 x28cm<\/span><\/p>\n<div><\/div>\n","protected":false},"featured_media":26383,"comment_status":"open","ping_status":"closed","template":"","meta":{"_et_pb_use_builder":"","_et_pb_old_content":"","_et_gb_content_width":""},"product_cat":[33],"product_tag":[],"_links":{"self":[{"href":"https:\/\/marneantic.com\/index.php\/wp-json\/wp\/v2\/product\/26377"}],"collection":[{"href":"https:\/\/marneantic.com\/index.php\/wp-json\/wp\/v2\/product"}],"about":[{"href":"https:\/\/marneantic.com\/index.php\/wp-json\/wp\/v2\/types\/product"}],"replies":[{"embeddable":true,"href":"https:\/\/marneantic.com\/index.php\/wp-json\/wp\/v2\/comments?post=26377"}],"wp:featuredmedia":[{"embeddable":true,"href":"https:\/\/marneantic.com\/index.php\/wp-json\/wp\/v2\/media\/26383"}],"wp:attachment":[{"href":"https:\/\/marneantic.com\/index.php\/wp-json\/wp\/v2\/media?parent=26377"}],"wp:term":[{"taxonomy":"product_cat","embeddable":true,"href":"https:\/\/marneantic.com\/index.php\/wp-json\/wp\/v2\/product_cat?post=26377"},{"taxonomy":"product_tag","embeddable":true,"href":"https:\/\/marneantic.com\/index.php\/wp-json\/wp\/v2\/product_tag?post=26377"}],"curies":[{"name":"wp","href":"https:\/\/api.w.org\/{rel}","templated":true}]}}