{"id":26385,"date":"2025-06-05T13:24:15","date_gmt":"2025-06-05T12:24:15","guid":{"rendered":"https:\/\/marneantic.com\/?post_type=product&#038;p=26385"},"modified":"2025-06-05T13:29:01","modified_gmt":"2025-06-05T12:29:01","slug":"porte-savon-couvert-ancien-en-faience-2","status":"publish","type":"product","link":"https:\/\/marneantic.com\/index.php\/produit\/porte-savon-couvert-ancien-en-faience-2\/","title":{"rendered":"Porte savon couvert ancien en fa\u00efence"},"content":{"rendered":"","protected":false},"excerpt":{"rendered":"<p>Porte savon couvert ancien en fa\u00efence, en bon \u00e9tat, longueur:13.5cm, largeur:10cm, hauteur totale:7cm<\/p>\n","protected":false},"featured_media":26386,"comment_status":"closed","ping_status":"closed","template":"","meta":{"_et_pb_use_builder":"","_et_pb_old_content":"","_et_gb_content_width":""},"product_cat":[8],"product_tag":[],"_links":{"self":[{"href":"https:\/\/marneantic.com\/index.php\/wp-json\/wp\/v2\/product\/26385"}],"collection":[{"href":"https:\/\/marneantic.com\/index.php\/wp-json\/wp\/v2\/product"}],"about":[{"href":"https:\/\/marneantic.com\/index.php\/wp-json\/wp\/v2\/types\/product"}],"replies":[{"embeddable":true,"href":"https:\/\/marneantic.com\/index.php\/wp-json\/wp\/v2\/comments?post=26385"}],"wp:featuredmedia":[{"embeddable":true,"href":"https:\/\/marneantic.com\/index.php\/wp-json\/wp\/v2\/media\/26386"}],"wp:attachment":[{"href":"https:\/\/marneantic.com\/index.php\/wp-json\/wp\/v2\/media?parent=26385"}],"wp:term":[{"taxonomy":"product_cat","embeddable":true,"href":"https:\/\/marneantic.com\/index.php\/wp-json\/wp\/v2\/product_cat?post=26385"},{"taxonomy":"product_tag","embeddable":true,"href":"https:\/\/marneantic.com\/index.php\/wp-json\/wp\/v2\/product_tag?post=26385"}],"curies":[{"name":"wp","href":"https:\/\/api.w.org\/{rel}","templated":true}]}}