{"id":26395,"date":"2025-06-05T14:07:24","date_gmt":"2025-06-05T13:07:24","guid":{"rendered":"https:\/\/marneantic.com\/?post_type=product&#038;p=26395"},"modified":"2026-01-10T09:49:55","modified_gmt":"2026-01-10T08:49:55","slug":"cuillere-a-creme-ancienne-en-metal-argente","status":"publish","type":"product","link":"https:\/\/marneantic.com\/index.php\/produit\/cuillere-a-creme-ancienne-en-metal-argente\/","title":{"rendered":"Cuill\u00e8re a cr\u00e8me ancienne en m\u00e9tal argent\u00e9"},"content":{"rendered":"","protected":false},"excerpt":{"rendered":"<p><span style=\"font-size: large;\"><span style=\"font-family: Arial;\">Cuill\u00e8re a cr\u00e8me ancienne en m\u00e9tal argent\u00e9, orf\u00e8vrerie Fabiora, en bon <\/span><\/span><span style=\"font-family: Arial; font-size: large;\">\u00e9tat, traces d&rsquo;usage<\/span><\/p>\n<div><span style=\"font-size: large;\">longueur:21.3cm<\/span><\/div>\n","protected":false},"featured_media":26396,"comment_status":"closed","ping_status":"closed","template":"","meta":{"_et_pb_use_builder":"","_et_pb_old_content":"","_et_gb_content_width":""},"product_cat":[12,10,29,30],"product_tag":[],"_links":{"self":[{"href":"https:\/\/marneantic.com\/index.php\/wp-json\/wp\/v2\/product\/26395"}],"collection":[{"href":"https:\/\/marneantic.com\/index.php\/wp-json\/wp\/v2\/product"}],"about":[{"href":"https:\/\/marneantic.com\/index.php\/wp-json\/wp\/v2\/types\/product"}],"replies":[{"embeddable":true,"href":"https:\/\/marneantic.com\/index.php\/wp-json\/wp\/v2\/comments?post=26395"}],"wp:featuredmedia":[{"embeddable":true,"href":"https:\/\/marneantic.com\/index.php\/wp-json\/wp\/v2\/media\/26396"}],"wp:attachment":[{"href":"https:\/\/marneantic.com\/index.php\/wp-json\/wp\/v2\/media?parent=26395"}],"wp:term":[{"taxonomy":"product_cat","embeddable":true,"href":"https:\/\/marneantic.com\/index.php\/wp-json\/wp\/v2\/product_cat?post=26395"},{"taxonomy":"product_tag","embeddable":true,"href":"https:\/\/marneantic.com\/index.php\/wp-json\/wp\/v2\/product_tag?post=26395"}],"curies":[{"name":"wp","href":"https:\/\/api.w.org\/{rel}","templated":true}]}}