{"id":26407,"date":"2025-06-06T10:59:32","date_gmt":"2025-06-06T09:59:32","guid":{"rendered":"https:\/\/marneantic.com\/?post_type=product&#038;p=26407"},"modified":"2025-12-27T16:47:54","modified_gmt":"2025-12-27T15:47:54","slug":"christofle-dessous-de-bouteille-ancien-en-metal-argente","status":"publish","type":"product","link":"https:\/\/marneantic.com\/index.php\/produit\/christofle-dessous-de-bouteille-ancien-en-metal-argente\/","title":{"rendered":"CHRISTOFLE &#8211; dessous de bouteille ancien en m\u00e9tal argent\u00e9"},"content":{"rendered":"","protected":false},"excerpt":{"rendered":"<p><strong><span style=\"font-family: Arial;\">CHRISTOFLE &#8211; dessous de bouteille ancien en m\u00e9tal argent\u00e9 , en bon \u00e9tat, traces d&rsquo;usage<\/span><\/strong><\/p>\n<div><strong><span style=\"font-size: large;\"><span style=\"font-family: Arial;\">diametre:14.5cm<\/span><\/span><\/strong><\/div>\n","protected":false},"featured_media":26408,"comment_status":"closed","ping_status":"closed","template":"","meta":{"_et_pb_use_builder":"","_et_pb_old_content":"","_et_gb_content_width":""},"product_cat":[13,12,10,30],"product_tag":[],"_links":{"self":[{"href":"https:\/\/marneantic.com\/index.php\/wp-json\/wp\/v2\/product\/26407"}],"collection":[{"href":"https:\/\/marneantic.com\/index.php\/wp-json\/wp\/v2\/product"}],"about":[{"href":"https:\/\/marneantic.com\/index.php\/wp-json\/wp\/v2\/types\/product"}],"replies":[{"embeddable":true,"href":"https:\/\/marneantic.com\/index.php\/wp-json\/wp\/v2\/comments?post=26407"}],"wp:featuredmedia":[{"embeddable":true,"href":"https:\/\/marneantic.com\/index.php\/wp-json\/wp\/v2\/media\/26408"}],"wp:attachment":[{"href":"https:\/\/marneantic.com\/index.php\/wp-json\/wp\/v2\/media?parent=26407"}],"wp:term":[{"taxonomy":"product_cat","embeddable":true,"href":"https:\/\/marneantic.com\/index.php\/wp-json\/wp\/v2\/product_cat?post=26407"},{"taxonomy":"product_tag","embeddable":true,"href":"https:\/\/marneantic.com\/index.php\/wp-json\/wp\/v2\/product_tag?post=26407"}],"curies":[{"name":"wp","href":"https:\/\/api.w.org\/{rel}","templated":true}]}}