{"id":26420,"date":"2025-06-06T12:37:20","date_gmt":"2025-06-06T11:37:20","guid":{"rendered":"https:\/\/marneantic.com\/?post_type=product&#038;p=26420"},"modified":"2026-02-16T18:13:07","modified_gmt":"2026-02-16T17:13:07","slug":"porte-savon-couvert-ancien-en-faience-3","status":"publish","type":"product","link":"https:\/\/marneantic.com\/index.php\/produit\/porte-savon-couvert-ancien-en-faience-3\/","title":{"rendered":"Porte savon couvert ancien en fa\u00efence"},"content":{"rendered":"","protected":false},"excerpt":{"rendered":"<p>Porte savon couvert ancien en fa\u00efence, en bon \u00e9tat, longueur:15cm, largeur:11cm, hauteur totale:7.5cm<\/p>\n","protected":false},"featured_media":26416,"comment_status":"closed","ping_status":"closed","template":"","meta":{"_et_pb_use_builder":"","_et_pb_old_content":"","_et_gb_content_width":""},"product_cat":[8,30],"product_tag":[],"_links":{"self":[{"href":"https:\/\/marneantic.com\/index.php\/wp-json\/wp\/v2\/product\/26420"}],"collection":[{"href":"https:\/\/marneantic.com\/index.php\/wp-json\/wp\/v2\/product"}],"about":[{"href":"https:\/\/marneantic.com\/index.php\/wp-json\/wp\/v2\/types\/product"}],"replies":[{"embeddable":true,"href":"https:\/\/marneantic.com\/index.php\/wp-json\/wp\/v2\/comments?post=26420"}],"wp:featuredmedia":[{"embeddable":true,"href":"https:\/\/marneantic.com\/index.php\/wp-json\/wp\/v2\/media\/26416"}],"wp:attachment":[{"href":"https:\/\/marneantic.com\/index.php\/wp-json\/wp\/v2\/media?parent=26420"}],"wp:term":[{"taxonomy":"product_cat","embeddable":true,"href":"https:\/\/marneantic.com\/index.php\/wp-json\/wp\/v2\/product_cat?post=26420"},{"taxonomy":"product_tag","embeddable":true,"href":"https:\/\/marneantic.com\/index.php\/wp-json\/wp\/v2\/product_tag?post=26420"}],"curies":[{"name":"wp","href":"https:\/\/api.w.org\/{rel}","templated":true}]}}